{"id":9323,"date":"2023-08-01T10:15:42","date_gmt":"2023-08-01T08:15:42","guid":{"rendered":"https:\/\/cutanduse.com\/sistemas-de-montaje\/"},"modified":"2024-09-30T14:49:48","modified_gmt":"2024-09-30T12:49:48","slug":"sistemas-de-montaje","status":"publish","type":"page","link":"https:\/\/cutanduse.com\/es\/sistemas-de-montaje\/","title":{"rendered":"Sistemas de montaje"},"content":{"rendered":"<section class=\"l-section wpb_row us_custom_6df4bc3a has_text_color height_custom with_img\"><div class=\"l-section-img\" role=\"img\" aria-label=\"Imagen\" data-img-width=\"1915\" data-img-height=\"805\" style=\"background-image: url(https:\/\/i0.wp.com\/cutanduse.com\/wp-content\/uploads\/2023\/08\/ploter-szeroki.jpg?fit=1915%2C805&#038;ssl=1);\"><\/div><div class=\"l-section-overlay\" style=\"background:rgba(0,0,0,0.60)\"><\/div><div class=\"l-section-h i-cf\"><div class=\"g-cols vc_row via_grid cols_1 laptops-cols_inherit tablets-cols_inherit mobiles-cols_1 valign_top type_default stacking_default\" style=\"--columns-gap:calc(3rem + 10px);\"><div class=\"wpb_column vc_column_container\"><div class=\"vc_column-inner\"><\/div><\/div><\/div><\/div><\/section><section class=\"l-section wpb_row us_custom_6df4bc3a has_text_color height_custom\"><div class=\"l-section-overlay\" style=\"background:#7741c8\"><\/div><div class=\"l-section-h i-cf\"><div class=\"g-cols vc_row via_grid cols_1 laptops-cols_inherit tablets-cols_inherit mobiles-cols_1 valign_top type_default stacking_default\" style=\"--columns-gap:calc(3rem + 10px);\"><div class=\"wpb_column vc_column_container\"><div class=\"vc_column-inner\">[vc_custom_heading text=\u00bbSistemas de montaje\u00bb font_container=\u00bbtag:h1|text_align:center\u00bb use_theme_fonts=\u00bbyes\u00bb]<\/div><\/div><\/div><\/div><\/section><section class=\"l-section wpb_row height_custom\"><div class=\"l-section-h i-cf\"><div class=\"g-cols vc_row via_grid cols_2 laptops-cols_inherit tablets-cols_inherit mobiles-cols_1 valign_top type_default stacking_default\"><div class=\"wpb_column vc_column_container\"><div class=\"vc_column-inner\"><div class=\"w-image align_none\"><div class=\"w-image-h\"><img decoding=\"async\" width=\"797\" height=\"797\" src=\"https:\/\/i0.wp.com\/cutanduse.com\/wp-content\/uploads\/2024\/04\/how-to-apply-screen-protector.png?fit=797%2C797&amp;ssl=1\" class=\"attachment-large size-large\" alt=\"\" loading=\"lazy\" srcset=\"https:\/\/i0.wp.com\/cutanduse.com\/wp-content\/uploads\/2024\/04\/how-to-apply-screen-protector.png?w=797&amp;ssl=1 797w, https:\/\/i0.wp.com\/cutanduse.com\/wp-content\/uploads\/2024\/04\/how-to-apply-screen-protector.png?resize=300%2C300&amp;ssl=1 300w, https:\/\/i0.wp.com\/cutanduse.com\/wp-content\/uploads\/2024\/04\/how-to-apply-screen-protector.png?resize=150%2C150&amp;ssl=1 150w\" sizes=\"auto, (max-width: 797px) 100vw, 797px\" \/><\/div><\/div><\/div><\/div><div class=\"wpb_column vc_column_container\"><div class=\"vc_column-inner\"><div class=\"wpb_text_column\"><div class=\"wpb_wrapper\"><div class=\"elementor-element elementor-element-063566a elementor-widget elementor-widget-heading\" data-id=\"063566a\" data-element_type=\"widget\" data-widget_type=\"heading.default\">\n<div class=\"elementor-widget-contenedor\">\n<h3 class=\"elementor-heading-title elementor-size-default\">Sistemas de instalaci\u00f3n de l\u00e1minas CUT&amp;USE<\/h3>\n<\/div>\n<\/div>\n<div class=\"elementor-element elementor-element-ff26352 elementor-widget elementor-widget-text-editor\" data-id=\"ff26352\" data-element_type=\"widget\" data-widget_type=\"text-editor.default\">\n<div class=\"elementor-widget-contenedor\">\n<div class=\"elementor-text-editor elementor-clearfix\">\n<p>Cualquiera que haya intentado alguna vez aplicar una l\u00e1mina protectora, ya sea en la pantalla o en el resto de la superficie del dispositivo, sabe que no es tan sencillo.<\/p>\n<p>En nuestro sistema utilizamos dos m\u00e9todos para aplicar papel de aluminio:<\/p>\n<ul>\n<li>mojar con un gel de instalaci\u00f3n especial<\/li>\n<li>secar utilizando los sistemas patentados EasyApp\u00ae KIT y PLUG<\/li>\n<\/ul>\n<\/div>\n<\/div>\n<\/div>\n<\/div><\/div><\/div><\/div><\/div><\/div><\/section><section class=\"l-section wpb_row height_custom\"><div class=\"l-section-h i-cf\"><div class=\"g-cols vc_row via_grid cols_2 laptops-cols_inherit tablets-cols_inherit mobiles-cols_1 valign_top type_default stacking_default\"><div class=\"wpb_column vc_column_container\"><div class=\"vc_column-inner\"><div class=\"wpb_text_column\"><div class=\"wpb_wrapper\"><div class=\"elementor-element elementor-element-063566a elementor-widget elementor-widget-heading\" data-id=\"063566a\" data-element_type=\"widget\" data-widget_type=\"heading.default\">\n<div class=\"elementor-widget-contenedor\">\n<h3 class=\"elementor-heading-title elementor-size-default\">EASY APP\u00ae SMART<\/h3>\n<\/div>\n<\/div>\n<div class=\"elementor-element elementor-element-ff26352 elementor-widget elementor-widget-text-editor\" data-id=\"ff26352\" data-element_type=\"widget\" data-widget_type=\"text-editor.default\">\n<div class=\"elementor-widget-contenedor\">\n<div class=\"elementor-text-editor elementor-clearfix\">\n<p>\u00a1Acortamos el tiempo de solicitud al m\u00ednimo! La mayor comodidad en el proceso de aplicaci\u00f3n es el uso de tecnolog\u00eda de posicionamiento autom\u00e1tico del dispositivo, que garantiza una aplicaci\u00f3n precisa y repetible del material.<br \/>\nminimizando el riesgo de errores y agilizando todo el proceso.<\/p>\n<ul>\n<li>Sistema de posicionamiento de 4 puntos<\/li>\n<li>Aplicaci\u00f3n de l\u00e1mina en 10 segundos.<\/li>\n<li>F\u00e1cil de aplicar la l\u00e1mina<\/li>\n<\/ul>\n<\/div>\n<\/div>\n<\/div>\n<\/div><\/div><\/div><\/div><div class=\"wpb_column vc_column_container\"><div class=\"vc_column-inner\"><div class=\"w-image align_none\"><div class=\"w-image-h\"><img decoding=\"async\" width=\"1024\" height=\"1024\" src=\"https:\/\/i0.wp.com\/cutanduse.com\/wp-content\/uploads\/2024\/09\/MASZYNKA-opis_EN_br-e1727698526644.jpg?fit=1024%2C1024&amp;ssl=1\" class=\"attachment-large size-large\" alt=\"\" loading=\"lazy\" \/><\/div><\/div><\/div><\/div><\/div><\/div><\/section><section class=\"l-section wpb_row height_custom\"><div class=\"l-section-overlay\" style=\"background:#7741c8\"><\/div><div class=\"l-section-h i-cf\"><div class=\"g-cols vc_row via_grid cols_1 laptops-cols_inherit tablets-cols_inherit mobiles-cols_1 valign_top type_default stacking_default\"><div class=\"wpb_column vc_column_container\"><div class=\"vc_column-inner\">[vc_custom_heading text=\u00bbMira lo sencillo y c\u00f3modo que es.\u00bb font_container=\u00bbtag:h2|text_align:center|color:%23ffffff\u00bb use_theme_fonts=\u00bbyes\u00bb]<\/div><\/div><\/div><\/div><\/section><section class=\"l-section wpb_row height_custom\"><div class=\"l-section-h i-cf\"><div class=\"g-cols vc_row via_grid cols_2 laptops-cols_inherit tablets-cols_inherit mobiles-cols_1 valign_top type_default stacking_default\"><div class=\"wpb_column vc_column_container\"><div class=\"vc_column-inner\"><div class=\"wpb_text_column\"><div class=\"wpb_wrapper\"><div class=\"elementor-element elementor-element-34c87a2 elementor-widget elementor-widget-heading\" data-id=\"34c87a2\" data-element_type=\"widget\" data-widget_type=\"heading.default\">\n<div class=\"elementor-widget-contenedor\">\n<h2 class=\"elementor-heading-title elementor-size-default\">l\u00e1mina de pantalla 3D Expert<\/h2>\n<\/div>\n<\/div>\n<div class=\"elementor-element elementor-element-f7b42dd elementor-widget elementor-widget-text-editor\" data-id=\"f7b42dd\" data-element_type=\"widget\" data-widget_type=\"text-editor.default\">\n<div class=\"elementor-widget-contenedor\">\n<div class=\"elementor-text-editor elementor-clearfix\">\n<ul>\n<li>montaje en seco mediante EasyAPP KIT y PLUG<\/li>\n<li>tiempo de montaje corto<\/li>\n<\/ul>\n<\/div>\n<\/div>\n<\/div>\n<\/div><\/div><\/div><\/div><div class=\"wpb_column vc_column_container\"><div class=\"vc_column-inner\"><div class=\"w-video align_none ratio_16x9 has_iframe\"><div class=\"w-video-h\"><iframe title=\"Youtube video player\" src=\"\/\/www.youtube.com\/embed\/J3F6gc1Cxtg?autoplay=0&controls=1&origin=https:\/\/cutanduse.com\/es\/&loop=0&mute=0\" allowfullscreen=\"1\" loading=\"lazy\"><\/iframe><\/div><\/div><\/div><\/div><\/div><\/div><\/section><section class=\"l-section wpb_row height_custom\"><div class=\"l-section-h i-cf\"><div class=\"g-cols vc_row via_grid cols_2 laptops-cols_inherit tablets-cols_inherit mobiles-cols_1 valign_top type_default stacking_default\"><div class=\"wpb_column vc_column_container\"><div class=\"vc_column-inner\"><div class=\"w-video align_none ratio_16x9 has_iframe\"><div class=\"w-video-h\"><iframe title=\"Youtube video player\" src=\"\/\/www.youtube.com\/embed\/lkGtJe-bmP0?autoplay=0&controls=1&origin=https:\/\/cutanduse.com\/es\/&loop=0&mute=0\" allowfullscreen=\"1\" loading=\"lazy\"><\/iframe><\/div><\/div><\/div><\/div><div class=\"wpb_column vc_column_container\"><div class=\"vc_column-inner\"><div class=\"wpb_text_column\"><div class=\"wpb_wrapper\"><div class=\"elementor-element elementor-element-2ca2efe elementor-widget elementor-widget-heading\" data-id=\"2ca2efe\" data-element_type=\"widget\" data-widget_type=\"heading.default\">\n<div class=\"elementor-widget-contenedor\">\n<h2 class=\"elementor-heading-title elementor-size-default\">l\u00e1mina de pantalla AntiCRASH (WetApp)<\/h2>\n<\/div>\n<\/div>\n<div class=\"elementor-element elementor-element-de3ae72 elementor-widget elementor-widget-text-editor\" data-id=\"de3ae72\" data-element_type=\"widget\" data-widget_type=\"text-editor.default\">\n<div class=\"elementor-widget-contenedor\">\n<div class=\"elementor-text-editor elementor-clearfix\">\n<ul>\n<li>instalaci\u00f3n h\u00fameda usando gel de instalaci\u00f3n CUT&amp;USE<\/li>\n<li>aplicaci\u00f3n precisa<\/li>\n<li>posibilidad de \u00abmejorar\u00bb<\/li>\n<li>A veces hay que esperar hasta 24 horas para que desaparezcan los rastros tras la aplicaci\u00f3n<\/li>\n<\/ul>\n<\/div>\n<\/div>\n<\/div>\n<\/div><\/div><\/div><\/div><\/div><\/div><\/section><section class=\"l-section wpb_row height_custom\"><div class=\"l-section-overlay\" style=\"background:#e8e8e8\"><\/div><div class=\"l-section-h i-cf\"><div class=\"g-cols vc_row via_grid cols_2 laptops-cols_inherit tablets-cols_inherit mobiles-cols_1 valign_top type_default stacking_default\"><div class=\"wpb_column vc_column_container\"><div class=\"vc_column-inner\"><div class=\"wpb_text_column\"><div class=\"wpb_wrapper\"><div class=\"elementor-element elementor-element-0de711b elementor-widget elementor-widget-heading\" data-id=\"0de711b\" data-element_type=\"widget\" data-widget_type=\"heading.default\">\n<div class=\"elementor-widget-contenedor\">\n<h2 class=\"elementor-heading-title elementor-size-default\">l\u00e1mina trasera antiCRASH (Body WetApp)<\/h2>\n<\/div>\n<\/div>\n<div class=\"elementor-element elementor-element-189987f elementor-widget elementor-widget-text-editor\" data-id=\"189987f\" data-element_type=\"widget\" data-widget_type=\"text-editor.default\">\n<div class=\"elementor-widget-contenedor\">\n<div class=\"elementor-text-editor elementor-clearfix\">\n<ul>\n<li>instalaci\u00f3n h\u00fameda usando gel de instalaci\u00f3n CUT&amp;USE<\/li>\n<li>aplicaci\u00f3n precisa<\/li>\n<li>posibilidad de \u00abmejorar\u00bb<\/li>\n<li>A veces hay que esperar hasta 24 horas para que desaparezcan los rastros tras la aplicaci\u00f3n<\/li>\n<\/ul>\n<\/div>\n<\/div>\n<\/div>\n<\/div><\/div><\/div><\/div><div class=\"wpb_column vc_column_container\"><div class=\"vc_column-inner\"><div class=\"w-video align_none ratio_16x9 has_iframe\"><div class=\"w-video-h\"><iframe title=\"Youtube video player\" src=\"\/\/www.youtube.com\/embed\/7MDQOsroSH8?autoplay=0&controls=1&origin=https:\/\/cutanduse.com\/es\/&loop=0&mute=0\" allowfullscreen=\"1\" loading=\"lazy\"><\/iframe><\/div><\/div><\/div><\/div><\/div><\/div><\/section><section class=\"l-section wpb_row height_custom\"><div class=\"l-section-h i-cf\"><div class=\"g-cols vc_row via_grid cols_2 laptops-cols_inherit tablets-cols_inherit mobiles-cols_1 valign_top type_default stacking_default\"><div class=\"wpb_column vc_column_container\"><div class=\"vc_column-inner\"><div class=\"w-video align_none ratio_16x9 has_iframe\"><div class=\"w-video-h\"><iframe title=\"Youtube video player\" src=\"\/\/www.youtube.com\/embed\/_GT7splZW-0?autoplay=0&controls=1&origin=https:\/\/cutanduse.com\/es\/&loop=0&mute=0\" allowfullscreen=\"1\" loading=\"lazy\"><\/iframe><\/div><\/div><\/div><\/div><div class=\"wpb_column vc_column_container\"><div class=\"vc_column-inner\"><div class=\"wpb_text_column\"><div class=\"wpb_wrapper\"><div class=\"elementor-element elementor-element-ad5d49f elementor-widget elementor-widget-heading\" data-id=\"ad5d49f\" data-element_type=\"widget\" data-widget_type=\"heading.default\">\n<div class=\"elementor-widget-contenedor\">\n<h2 class=\"elementor-heading-title elementor-size-default\">antiCRASH, ClearCARBON, l\u00e1mina 3D Expert MAT para la parte posterior y los lados del dispositivo (BodyApp)<\/h2>\n<\/div>\n<\/div>\n<div class=\"elementor-element elementor-element-9284dc1 elementor-widget elementor-widget-text-editor\" data-id=\"9284dc1\" data-element_type=\"widget\" data-widget_type=\"text-editor.default\">\n<div class=\"elementor-widget-contenedor\">\n<div class=\"elementor-text-editor elementor-clearfix\">\n<ul>\n<li>instalaci\u00f3n en seco<\/li>\n<li>efecto instant\u00e1neo<\/li>\n<\/ul>\n<\/div>\n<\/div>\n<\/div>\n<\/div><\/div><\/div><\/div><\/div><\/div><\/section><section class=\"l-section wpb_row height_custom\"><div class=\"l-section-overlay\" style=\"background:#e8e8e8\"><\/div><div class=\"l-section-h i-cf\"><div class=\"g-cols vc_row via_grid cols_2 laptops-cols_inherit tablets-cols_inherit mobiles-cols_1 valign_top type_default stacking_default\"><div class=\"wpb_column vc_column_container\"><div class=\"vc_column-inner\"><div class=\"wpb_text_column\"><div class=\"wpb_wrapper\"><h2 class=\"elementor-heading-title elementor-size-default\">l\u00e1mina de pantalla antiCRASH AntiSPY (WetApp)<\/h2>\n<ul>\n<li>instalaci\u00f3n h\u00fameda usando gel de instalaci\u00f3n CUT&amp;USE<\/li>\n<li>aplicaci\u00f3n precisa<\/li>\n<li>posibilidad de \u00abmejorar\u00bb<\/li>\n<li>A veces hay que esperar hasta 24 horas para que desaparezcan los rastros tras la aplicaci\u00f3n<\/li>\n<\/ul>\n<\/div><\/div><\/div><\/div><div class=\"wpb_column vc_column_container\"><div class=\"vc_column-inner\"><div class=\"w-video align_none ratio_16x9 has_iframe\"><div class=\"w-video-h\"><iframe title=\"Youtube video player\" src=\"\/\/www.youtube.com\/embed\/_Bsu8tmCKGs?autoplay=0&controls=1&origin=https:\/\/cutanduse.com\/es\/&loop=0&mute=0\" allowfullscreen=\"1\" loading=\"lazy\"><\/iframe><\/div><\/div><\/div><\/div><\/div><\/div><\/section>\n","protected":false},"excerpt":{"rendered":"[vc_custom_heading text=\"Sistemas de montaje\" font_container=\"tag:h1|text_align:center\" use_theme_fonts=\"yes\"] Sistemas de instalaci\u00f3n de l\u00e1minas CUT&amp;USE Cualquiera que haya intentado alguna vez aplicar una l\u00e1mina protectora, ya sea en la pantalla o en el resto de la superficie del dispositivo, sabe que no es tan sencillo. En nuestro sistema utilizamos dos m\u00e9todos para aplicar papel de aluminio: mojar con...","protected":false},"author":2,"featured_media":0,"parent":0,"menu_order":0,"comment_status":"closed","ping_status":"closed","template":"","meta":{"footnotes":""},"class_list":["post-9323","page","type-page","status-publish","hentry"],"yoast_head":"<!-- This site is optimized with the Yoast SEO plugin v26.5 - https:\/\/yoast.com\/wordpress\/plugins\/seo\/ -->\n<title>Sistemas de montaje - Cut&amp;Use<\/title>\n<meta name=\"robots\" content=\"index, follow, max-snippet:-1, max-image-preview:large, max-video-preview:-1\" \/>\n<link rel=\"canonical\" href=\"https:\/\/cutanduse.com\/es\/sistemas-de-montaje\/\" \/>\n<meta property=\"og:locale\" content=\"es_ES\" \/>\n<meta property=\"og:type\" content=\"article\" \/>\n<meta property=\"og:title\" content=\"Sistemas de montaje - Cut&amp;Use\" \/>\n<meta property=\"og:url\" content=\"https:\/\/cutanduse.com\/es\/sistemas-de-montaje\/\" \/>\n<meta property=\"og:site_name\" content=\"Cut&amp;Use\" \/>\n<meta property=\"article:modified_time\" content=\"2024-09-30T12:49:48+00:00\" \/>\n<meta property=\"og:image\" content=\"https:\/\/i0.wp.com\/cutanduse.com\/wp-content\/uploads\/2023\/07\/27.04.2023_logo_myscreen-CUTUSE_is-02.png?fit=4185%2C1619&ssl=1\" \/>\n\t<meta property=\"og:image:width\" content=\"4185\" \/>\n\t<meta property=\"og:image:height\" content=\"1619\" \/>\n\t<meta property=\"og:image:type\" content=\"image\/png\" \/>\n<meta name=\"twitter:card\" content=\"summary_large_image\" \/>\n<meta name=\"twitter:label1\" content=\"Tiempo de lectura\" \/>\n\t<meta name=\"twitter:data1\" content=\"2 minutos\" \/>\n<script type=\"application\/ld+json\" class=\"yoast-schema-graph\">{\"@context\":\"https:\/\/schema.org\",\"@graph\":[{\"@type\":\"WebPage\",\"@id\":\"https:\/\/cutanduse.com\/es\/sistemas-de-montaje\/\",\"url\":\"https:\/\/cutanduse.com\/es\/sistemas-de-montaje\/\",\"name\":\"Sistemas de montaje - Cut&amp;Use\",\"isPartOf\":{\"@id\":\"https:\/\/cutanduse.com\/es\/#website\"},\"datePublished\":\"2023-08-01T08:15:42+00:00\",\"dateModified\":\"2024-09-30T12:49:48+00:00\",\"breadcrumb\":{\"@id\":\"https:\/\/cutanduse.com\/es\/sistemas-de-montaje\/#breadcrumb\"},\"inLanguage\":\"es\",\"potentialAction\":[{\"@type\":\"ReadAction\",\"target\":[\"https:\/\/cutanduse.com\/es\/sistemas-de-montaje\/\"]}]},{\"@type\":\"BreadcrumbList\",\"@id\":\"https:\/\/cutanduse.com\/es\/sistemas-de-montaje\/#breadcrumb\",\"itemListElement\":[{\"@type\":\"ListItem\",\"position\":1,\"name\":\"Strona g\u0142\u00f3wna\",\"item\":\"https:\/\/cutanduse.com\/es\/\"},{\"@type\":\"ListItem\",\"position\":2,\"name\":\"Sistemas de montaje\"}]},{\"@type\":\"WebSite\",\"@id\":\"https:\/\/cutanduse.com\/es\/#website\",\"url\":\"https:\/\/cutanduse.com\/es\/\",\"name\":\"CUT&USE\",\"description\":\"\",\"publisher\":{\"@id\":\"https:\/\/cutanduse.com\/es\/#organization\"},\"potentialAction\":[{\"@type\":\"SearchAction\",\"target\":{\"@type\":\"EntryPoint\",\"urlTemplate\":\"https:\/\/cutanduse.com\/es\/?s={search_term_string}\"},\"query-input\":{\"@type\":\"PropertyValueSpecification\",\"valueRequired\":true,\"valueName\":\"search_term_string\"}}],\"inLanguage\":\"es\"},{\"@type\":\"Organization\",\"@id\":\"https:\/\/cutanduse.com\/es\/#organization\",\"name\":\"CUT&USE\",\"url\":\"https:\/\/cutanduse.com\/es\/\",\"logo\":{\"@type\":\"ImageObject\",\"inLanguage\":\"es\",\"@id\":\"https:\/\/cutanduse.com\/es\/#\/schema\/logo\/image\/\",\"url\":\"https:\/\/cutanduse.com\/wp-content\/uploads\/2023\/07\/27.04.2023_logo_myscreen-CUTUSE_is-02.png\",\"contentUrl\":\"https:\/\/cutanduse.com\/wp-content\/uploads\/2023\/07\/27.04.2023_logo_myscreen-CUTUSE_is-02.png\",\"width\":4185,\"height\":1619,\"caption\":\"CUT&USE\"},\"image\":{\"@id\":\"https:\/\/cutanduse.com\/es\/#\/schema\/logo\/image\/\"}}]}<\/script>\n<!-- \/ Yoast SEO plugin. -->","yoast_head_json":{"title":"Sistemas de montaje - Cut&amp;Use","robots":{"index":"index","follow":"follow","max-snippet":"max-snippet:-1","max-image-preview":"max-image-preview:large","max-video-preview":"max-video-preview:-1"},"canonical":"https:\/\/cutanduse.com\/es\/sistemas-de-montaje\/","og_locale":"es_ES","og_type":"article","og_title":"Sistemas de montaje - Cut&amp;Use","og_url":"https:\/\/cutanduse.com\/es\/sistemas-de-montaje\/","og_site_name":"Cut&amp;Use","article_modified_time":"2024-09-30T12:49:48+00:00","og_image":[{"width":4185,"height":1619,"url":"https:\/\/i0.wp.com\/cutanduse.com\/wp-content\/uploads\/2023\/07\/27.04.2023_logo_myscreen-CUTUSE_is-02.png?fit=4185%2C1619&ssl=1","type":"image\/png"}],"twitter_card":"summary_large_image","twitter_misc":{"Tiempo de lectura":"2 minutos"},"schema":{"@context":"https:\/\/schema.org","@graph":[{"@type":"WebPage","@id":"https:\/\/cutanduse.com\/es\/sistemas-de-montaje\/","url":"https:\/\/cutanduse.com\/es\/sistemas-de-montaje\/","name":"Sistemas de montaje - Cut&amp;Use","isPartOf":{"@id":"https:\/\/cutanduse.com\/es\/#website"},"datePublished":"2023-08-01T08:15:42+00:00","dateModified":"2024-09-30T12:49:48+00:00","breadcrumb":{"@id":"https:\/\/cutanduse.com\/es\/sistemas-de-montaje\/#breadcrumb"},"inLanguage":"es","potentialAction":[{"@type":"ReadAction","target":["https:\/\/cutanduse.com\/es\/sistemas-de-montaje\/"]}]},{"@type":"BreadcrumbList","@id":"https:\/\/cutanduse.com\/es\/sistemas-de-montaje\/#breadcrumb","itemListElement":[{"@type":"ListItem","position":1,"name":"Strona g\u0142\u00f3wna","item":"https:\/\/cutanduse.com\/es\/"},{"@type":"ListItem","position":2,"name":"Sistemas de montaje"}]},{"@type":"WebSite","@id":"https:\/\/cutanduse.com\/es\/#website","url":"https:\/\/cutanduse.com\/es\/","name":"CUT&USE","description":"","publisher":{"@id":"https:\/\/cutanduse.com\/es\/#organization"},"potentialAction":[{"@type":"SearchAction","target":{"@type":"EntryPoint","urlTemplate":"https:\/\/cutanduse.com\/es\/?s={search_term_string}"},"query-input":{"@type":"PropertyValueSpecification","valueRequired":true,"valueName":"search_term_string"}}],"inLanguage":"es"},{"@type":"Organization","@id":"https:\/\/cutanduse.com\/es\/#organization","name":"CUT&USE","url":"https:\/\/cutanduse.com\/es\/","logo":{"@type":"ImageObject","inLanguage":"es","@id":"https:\/\/cutanduse.com\/es\/#\/schema\/logo\/image\/","url":"https:\/\/cutanduse.com\/wp-content\/uploads\/2023\/07\/27.04.2023_logo_myscreen-CUTUSE_is-02.png","contentUrl":"https:\/\/cutanduse.com\/wp-content\/uploads\/2023\/07\/27.04.2023_logo_myscreen-CUTUSE_is-02.png","width":4185,"height":1619,"caption":"CUT&USE"},"image":{"@id":"https:\/\/cutanduse.com\/es\/#\/schema\/logo\/image\/"}}]}},"jetpack_sharing_enabled":true,"_links":{"self":[{"href":"https:\/\/cutanduse.com\/es\/wp-json\/wp\/v2\/pages\/9323","targetHints":{"allow":["GET"]}}],"collection":[{"href":"https:\/\/cutanduse.com\/es\/wp-json\/wp\/v2\/pages"}],"about":[{"href":"https:\/\/cutanduse.com\/es\/wp-json\/wp\/v2\/types\/page"}],"author":[{"embeddable":true,"href":"https:\/\/cutanduse.com\/es\/wp-json\/wp\/v2\/users\/2"}],"replies":[{"embeddable":true,"href":"https:\/\/cutanduse.com\/es\/wp-json\/wp\/v2\/comments?post=9323"}],"version-history":[{"count":11,"href":"https:\/\/cutanduse.com\/es\/wp-json\/wp\/v2\/pages\/9323\/revisions"}],"predecessor-version":[{"id":9681,"href":"https:\/\/cutanduse.com\/es\/wp-json\/wp\/v2\/pages\/9323\/revisions\/9681"}],"wp:attachment":[{"href":"https:\/\/cutanduse.com\/es\/wp-json\/wp\/v2\/media?parent=9323"}],"curies":[{"name":"wp","href":"https:\/\/api.w.org\/{rel}","templated":true}]}}