{"id":9289,"date":"2023-08-01T10:12:03","date_gmt":"2023-08-01T08:12:03","guid":{"rendered":"https:\/\/cutanduse.com\/descripcion-del-sistema\/"},"modified":"2024-05-08T07:25:50","modified_gmt":"2024-05-08T05:25:50","slug":"descripcion-del-sistema","status":"publish","type":"page","link":"https:\/\/cutanduse.com\/es\/descripcion-del-sistema\/","title":{"rendered":"Descripci\u00f3n del sistema"},"content":{"rendered":"<section class=\"l-section wpb_row height_custom color_primary with_img\"><div class=\"l-section-img\" role=\"img\" aria-label=\"Imagen\" data-img-width=\"1915\" data-img-height=\"805\" style=\"background-image: url(https:\/\/i0.wp.com\/cutanduse.com\/wp-content\/uploads\/2023\/08\/ploter-szeroki.jpg?fit=1915%2C805&#038;ssl=1);\"><\/div><div class=\"l-section-overlay\" style=\"background:rgba(0,0,0,0.40)\"><\/div><div class=\"l-section-h i-cf\"><div class=\"g-cols vc_row via_grid cols_1 laptops-cols_inherit tablets-cols_inherit mobiles-cols_1 valign_top type_default stacking_default\" style=\"--columns-gap:calc(3rem + 10px);\"><div class=\"wpb_column vc_column_container\"><div class=\"vc_column-inner\"><\/div><\/div><\/div><\/div><\/section><section class=\"l-section wpb_row height_custom color_primary\"><div class=\"l-section-h i-cf\"><div class=\"g-cols vc_row via_grid cols_1 laptops-cols_inherit tablets-cols_inherit mobiles-cols_1 valign_top type_default stacking_default\"><div class=\"wpb_column vc_column_container\"><div class=\"vc_column-inner\">[vc_custom_heading text=\u00bb\u00bfQu\u00e9 es el sistema CUT&amp;USE?\u00bb font_container=\u00bbtag:h1|text_align:center\u00bb use_theme_fonts=\u00bbyes\u00bb]<div class=\"wpb_text_column\"><div class=\"wpb_wrapper\"><p style=\"text-align: center;\">Ofrecemos <strong>dispositivos de corte con panel de control y materiales de aplicaci\u00f3n.<\/strong><\/p>\n<p style=\"text-align: center;\">Con \u00e9l puedes recortar la protecci\u00f3n para cualquier modelo disponible en la base de datos de contornos a partir de <strong>material en un tama\u00f1o universal<\/strong>.<\/p>\n<p style=\"text-align: center;\">Ofreces a tu cliente <strong>varias opciones de protecci\u00f3n<\/strong>: materiales para la pantalla y toda la carcasa junto con el servicio de aplicaci\u00f3n.<\/p>\n<p style=\"text-align: center;\"><strong>Informes y an\u00e1lisis en un sistema de gesti\u00f3n especial.<\/strong><\/p>\n<\/div><\/div><div class=\"w-separator size_small\"><\/div><\/div><\/div><div class=\"wpb_column vc_column_container\"><div class=\"vc_column-inner\"><div class=\"g-cols wpb_row via_grid cols_4 laptops-cols_inherit tablets-cols_inherit mobiles-cols_1 valign_top type_default stacking_default\" style=\"--columns-gap:3rem;\"><div class=\"wpb_column vc_column_container\"><div class=\"vc_column-inner\"><div class=\"w-iconbox us_custom_a518f36e us_animate_this iconpos_top style_outlined color_custom align_center no_title\"><div class=\"w-iconbox-icon\" style=\"font-size:3rem;--icon-color:#ffffff;--icon-bg-color:#ffffff;\"><i class=\"fas fa-sort-amount-up-alt\"><\/i><\/div><div class=\"w-iconbox-meta\"><div class=\"w-iconbox-text\"><h3>Adel\u00e1ntate a la competencia<\/h3>\n<p>ofreciendo productos para los \u00faltimos dispositivos<\/p>\n<\/div><\/div><\/div><\/div><\/div><div class=\"wpb_column vc_column_container\"><div class=\"vc_column-inner\"><div class=\"w-iconbox us_custom_8f2ba1f4 us_animate_this iconpos_top style_outlined color_custom align_center no_title\"><div class=\"w-iconbox-icon\" style=\"font-size:3rem;--icon-color:#ffffff;--icon-bg-color:#ffffff;\"><i class=\"fas fa-user-tie\"><\/i><\/div><div class=\"w-iconbox-meta\"><div class=\"w-iconbox-text\"><h3>Mu\u00e9strate como un especialista<\/h3>\n<p>en el que los clientes conf\u00edan y regresan<br \/>\na \u00e9l<\/p>\n<\/div><\/div><\/div><\/div><\/div><div class=\"wpb_column vc_column_container\"><div class=\"vc_column-inner\"><div class=\"w-iconbox us_custom_60e9caca us_animate_this iconpos_top style_outlined color_custom align_center no_title\"><div class=\"w-iconbox-icon\" style=\"font-size:3rem;--icon-color:#ffffff;--icon-bg-color:#ffffff;\"><i class=\"fas fa-wallet\"><\/i><\/div><div class=\"w-iconbox-meta\"><div class=\"w-iconbox-text\"><h3>Gana dinero<br \/>\nm\u00e1s<\/h3>\n<p>ofreciendo una protecci\u00f3n integral<br \/>\ncon montaje<\/p>\n<\/div><\/div><\/div><\/div><\/div><div class=\"wpb_column vc_column_container\"><div class=\"vc_column-inner\"><div class=\"w-iconbox us_custom_46845caf us_animate_this iconpos_top style_outlined color_custom align_center no_title\"><div class=\"w-iconbox-icon\" style=\"font-size:3rem;--icon-color:#ffffff;--icon-bg-color:#ffffff;\"><i class=\"fas fa-boxes\"><\/i><\/div><div class=\"w-iconbox-meta\"><div class=\"w-iconbox-text\"><h3>Ampliar<br \/>\noferta<\/h3>\n<p>sin aumentar los niveles de inventario<\/p>\n<\/div><\/div><\/div><\/div><\/div><\/div><\/div><\/div><\/div><\/div><\/section><section class=\"l-section wpb_row height_custom\"><div class=\"l-section-h i-cf\"><div class=\"g-cols vc_row via_grid cols_2 laptops-cols_inherit tablets-cols_inherit mobiles-cols_1 valign_top type_default stacking_default\"><div class=\"wpb_column vc_column_container\"><div class=\"vc_column-inner\"><h2 class=\"w-itext type_fadeIn align_center dynamic_bold\" onclick='return {&quot;duration&quot;:300,&quot;delay&quot;:3000,&quot;disablePartAnimation&quot;:false,&quot;html_nbsp_char&quot;:true}'>Mira\u00a0que\u00a0<span class=\"w-itext-part changesat_0 changesat_1 changesat_2 dynamic\" onclick='return [&quot;SENCILLO\\u00a0&quot;,&quot;INNOVADOR\\u00a0&quot;,&quot;C\\u00d3MODO\\u00a0&quot;]'><span>SENCILLO&nbsp;<\/span><\/span>es<\/h2><div class=\"w-separator size_small\"><\/div><div class=\"wpb_text_column\"><div class=\"wpb_wrapper\"><ul>\n<li>\u00danase a la industria de accesorios para dispositivos m\u00f3viles de m\u00e1s r\u00e1pido crecimiento<\/li>\n<li>sin riesgo comercial ni de almacenamiento ni necesidad de incurrir en costes de inversi\u00f3n significativos<\/li>\n<li>No despida a los clientes con las manos vac\u00edas<\/li>\n<\/ul>\n<\/div><\/div><\/div><\/div><div class=\"wpb_column vc_column_container\"><div class=\"vc_column-inner\"><div class=\"w-video align_none ratio_16x9 has_iframe\"><div class=\"w-video-h\"><iframe title=\"Youtube video player\" src=\"\/\/www.youtube.com\/embed\/gKK5wXJucbs?autoplay=0&controls=1&origin=https:\/\/cutanduse.com\/es\/&loop=0&mute=0\" allowfullscreen=\"1\" loading=\"lazy\"><\/iframe><\/div><\/div><\/div><\/div><\/div><\/div><\/section><section class=\"l-section wpb_row height_custom\"><div class=\"l-section-h i-cf\"><div class=\"g-cols vc_row via_grid cols_2 laptops-cols_inherit tablets-cols_inherit mobiles-cols_1 valign_top type_default stacking_default\"><div class=\"wpb_column vc_column_container\"><div class=\"vc_column-inner\"><div class=\"w-image align_none\"><div class=\"w-image-h\"><img decoding=\"async\" width=\"831\" height=\"831\" src=\"https:\/\/i0.wp.com\/cutanduse.com\/wp-content\/uploads\/2024\/04\/image-34.png?fit=831%2C831&amp;ssl=1\" class=\"attachment-large size-large\" alt=\"\" loading=\"lazy\" srcset=\"https:\/\/i0.wp.com\/cutanduse.com\/wp-content\/uploads\/2024\/04\/image-34.png?w=831&amp;ssl=1 831w, https:\/\/i0.wp.com\/cutanduse.com\/wp-content\/uploads\/2024\/04\/image-34.png?resize=300%2C300&amp;ssl=1 300w, https:\/\/i0.wp.com\/cutanduse.com\/wp-content\/uploads\/2024\/04\/image-34.png?resize=150%2C150&amp;ssl=1 150w\" sizes=\"auto, (max-width: 831px) 100vw, 831px\" \/><\/div><\/div><\/div><\/div><div class=\"wpb_column vc_column_container\"><div class=\"vc_column-inner\">[vc_custom_heading text=\u00bbProtecci\u00f3n no s\u00f3lo para tel\u00e9fonos\u00bb use_theme_fonts=\u00bbyes\u00bb]<div class=\"wpb_text_column\"><div class=\"wpb_wrapper\"><ul>\n<li>tel\u00e9fonos, tabletas, navegadores, c\u00e1maras, relojes y m\u00e1s<\/li>\n<li>M\u00e1s de 5000 modelos de dispositivos disponibles inmediatamente<\/li>\n<li>dispositivos m\u00e1s recientes y antiguos<\/li>\n<li>Actualizamos la base de datos del esquema todos los d\u00edas<\/li>\n<\/ul>\n<\/div><\/div><div class=\"w-separator size_small\"><\/div><\/div><\/div><\/div><\/div><\/section><section class=\"l-section wpb_row height_custom\"><div class=\"l-section-overlay\" style=\"background:var(--color-content-bg-alt)\"><\/div><div class=\"l-section-h i-cf\"><div class=\"g-cols vc_row via_grid cols_2 laptops-cols_inherit tablets-cols_inherit mobiles-cols_1 valign_top type_default stacking_default\"><div class=\"wpb_column vc_column_container\"><div class=\"vc_column-inner\">[vc_custom_heading text=\u00bbNo s\u00f3lo para la pantalla\u00bb use_theme_fonts=\u00bbyes\u00bb]<div class=\"wpb_text_column\"><div class=\"wpb_wrapper\"><ul>\n<li>Adem\u00e1s de la l\u00e1mina de pantalla, tambi\u00e9n<strong>l\u00e1mina trasera<\/strong><\/li>\n<li>protecci\u00f3n total de todo el dispositivo<\/li>\n<li>t\u00fa eliges la opci\u00f3n de protecci\u00f3n para la pantalla y el resto del dispositivo<\/li>\n<\/ul>\n<\/div><\/div><div class=\"w-separator size_small\"><\/div><\/div><\/div><div class=\"wpb_column vc_column_container\"><div class=\"vc_column-inner\"><div class=\"w-image align_none\"><div class=\"w-image-h\"><img decoding=\"async\" width=\"397\" height=\"397\" src=\"https:\/\/i0.wp.com\/cutanduse.com\/wp-content\/uploads\/2024\/04\/image-19.png?fit=397%2C397&amp;ssl=1\" class=\"attachment-large size-large\" alt=\"\" loading=\"lazy\" srcset=\"https:\/\/i0.wp.com\/cutanduse.com\/wp-content\/uploads\/2024\/04\/image-19.png?w=397&amp;ssl=1 397w, https:\/\/i0.wp.com\/cutanduse.com\/wp-content\/uploads\/2024\/04\/image-19.png?resize=300%2C300&amp;ssl=1 300w, https:\/\/i0.wp.com\/cutanduse.com\/wp-content\/uploads\/2024\/04\/image-19.png?resize=150%2C150&amp;ssl=1 150w\" sizes=\"auto, (max-width: 397px) 100vw, 397px\" \/><\/div><\/div><\/div><\/div><\/div><\/div><\/section><section class=\"l-section wpb_row height_custom\"><div class=\"l-section-h i-cf\"><div class=\"g-cols vc_row via_grid cols_2 laptops-cols_inherit tablets-cols_inherit mobiles-cols_1 valign_top type_default stacking_default\"><div class=\"wpb_column vc_column_container\"><div class=\"vc_column-inner\"><div class=\"w-image align_none\"><div class=\"w-image-h\"><img decoding=\"async\" width=\"704\" height=\"704\" src=\"https:\/\/i0.wp.com\/cutanduse.com\/wp-content\/uploads\/2024\/04\/image-31-1.png?fit=704%2C704&amp;ssl=1\" class=\"attachment-large size-large\" alt=\"\" loading=\"lazy\" srcset=\"https:\/\/i0.wp.com\/cutanduse.com\/wp-content\/uploads\/2024\/04\/image-31-1.png?w=704&amp;ssl=1 704w, https:\/\/i0.wp.com\/cutanduse.com\/wp-content\/uploads\/2024\/04\/image-31-1.png?resize=300%2C300&amp;ssl=1 300w, https:\/\/i0.wp.com\/cutanduse.com\/wp-content\/uploads\/2024\/04\/image-31-1.png?resize=150%2C150&amp;ssl=1 150w\" sizes=\"auto, (max-width: 704px) 100vw, 704px\" \/><\/div><\/div><\/div><\/div><div class=\"wpb_column vc_column_container\"><div class=\"vc_column-inner\">[vc_custom_heading text=\u00bbL\u00e1minas con propiedades \u00fanicas\u00bb use_theme_fonts=\u00bbyes\u00bb]<div class=\"wpb_text_column\"><div class=\"wpb_wrapper\"><p>Protecci\u00f3n con valor a\u00f1adido.<\/p>\n<ul>\n<li>!MPACT SHIELD: la l\u00e1mina m\u00e1s perfecta que protege excepcionalmente tu tel\u00e9fono fortaleciendo la pantalla<\/li>\n<li>ANTICCRASH ANTISPY &#8211; La l\u00e1mina de privacidad te proteger\u00e1 de miradas indiscretas<\/li>\n<li>ANTICRASH ANTIBLUE &#8211; Una l\u00e1mina que tambi\u00e9n protege la pantalla<br \/>\n\u00a1y los ojos del usuario!<\/li>\n<li>MYSKIN &#8211; L\u00e1mina para personalizar la parte posterior del tel\u00e9fono, \u00a1elige tu gr\u00e1fico o foto!<\/li>\n<li>FASHIONSKIN &#8211; \u00bfCuero? \u00bfCarb\u00f3n? \u00bfCamuflaje o quiz\u00e1s otro color? \u00a1Elige t\u00fa mismo!<\/li>\n<li>ANTICRASH ECO SHIELD &#8211; La primera l\u00e1mina 100% reciclada<\/li>\n<\/ul>\n<\/div><\/div><div class=\"w-separator size_small\"><\/div><\/div><\/div><\/div><\/div><\/section><section class=\"l-section wpb_row height_custom\"><div class=\"l-section-overlay\" style=\"background:var(--color-content-bg-alt)\"><\/div><div class=\"l-section-h i-cf\"><div class=\"g-cols vc_row via_grid cols_2 laptops-cols_inherit tablets-cols_inherit mobiles-cols_1 valign_top type_default stacking_default\"><div class=\"wpb_column vc_column_container\"><div class=\"vc_column-inner\">[vc_custom_heading text=\u00bbInstalaci\u00f3n sin estr\u00e9s\u00bb use_theme_fonts=\u00bbyes\u00bb]<div class=\"wpb_text_column\"><div class=\"wpb_wrapper\"><ul>\n<li>Montaje de secado r\u00e1pido utilizando los sistemas patentados EasyApp KIT y PLUG<\/li>\n<li>montaje h\u00famedo preciso<\/li>\n<li>instrucciones en v\u00eddeo disponibles directamente en la aplicaci\u00f3n CUT&amp;USE<br \/>\ny en Youtube<\/li>\n<\/ul>\n<\/div><\/div><div class=\"w-separator size_small\"><\/div><\/div><\/div><div class=\"wpb_column vc_column_container\"><div class=\"vc_column-inner\"><div class=\"w-image align_none\"><div class=\"w-image-h\"><img decoding=\"async\" width=\"754\" height=\"754\" src=\"https:\/\/i0.wp.com\/cutanduse.com\/wp-content\/uploads\/2024\/04\/image-32-1.png?fit=754%2C754&amp;ssl=1\" class=\"attachment-large size-large\" alt=\"\" loading=\"lazy\" srcset=\"https:\/\/i0.wp.com\/cutanduse.com\/wp-content\/uploads\/2024\/04\/image-32-1.png?w=754&amp;ssl=1 754w, https:\/\/i0.wp.com\/cutanduse.com\/wp-content\/uploads\/2024\/04\/image-32-1.png?resize=300%2C300&amp;ssl=1 300w, https:\/\/i0.wp.com\/cutanduse.com\/wp-content\/uploads\/2024\/04\/image-32-1.png?resize=150%2C150&amp;ssl=1 150w\" sizes=\"auto, (max-width: 754px) 100vw, 754px\" \/><\/div><\/div><\/div><\/div><\/div><\/div><\/section><section class=\"l-section wpb_row height_custom\"><div class=\"l-section-h i-cf\"><div class=\"g-cols vc_row via_grid cols_2 laptops-cols_inherit tablets-cols_inherit mobiles-cols_1 valign_top type_default stacking_default\"><div class=\"wpb_column vc_column_container\"><div class=\"vc_column-inner\"><div class=\"w-image align_none\"><div class=\"w-image-h\"><img decoding=\"async\" width=\"463\" height=\"463\" src=\"https:\/\/i0.wp.com\/cutanduse.com\/wp-content\/uploads\/2024\/04\/image-21.png?fit=463%2C463&amp;ssl=1\" class=\"attachment-large size-large\" alt=\"\" loading=\"lazy\" srcset=\"https:\/\/i0.wp.com\/cutanduse.com\/wp-content\/uploads\/2024\/04\/image-21.png?w=463&amp;ssl=1 463w, https:\/\/i0.wp.com\/cutanduse.com\/wp-content\/uploads\/2024\/04\/image-21.png?resize=300%2C300&amp;ssl=1 300w, https:\/\/i0.wp.com\/cutanduse.com\/wp-content\/uploads\/2024\/04\/image-21.png?resize=150%2C150&amp;ssl=1 150w\" sizes=\"auto, (max-width: 463px) 100vw, 463px\" \/><\/div><\/div><\/div><\/div><div class=\"wpb_column vc_column_container\"><div class=\"vc_column-inner\">[vc_custom_heading text=\u00bbEquipo de corte\u00bb use_theme_fonts=\u00bbyes\u00bb]<div class=\"wpb_text_column\"><div class=\"wpb_wrapper\"><p>Nuestros trazadores son fabricados por l\u00edderes mundiales de la industria de acuerdo con nuestras directrices y dise\u00f1o.<\/p>\n<ul>\n<li>Control de calidad multietapa en la entrada y salida del equipo<\/li>\n<li>Amplia experiencia del fabricante = fiabilidad<\/li>\n<li>Los trazadores se fabrican s\u00f3lo para nosotros = \u00fanicos<\/li>\n<li>Desarrollo continuo de aplicaciones y dispositivos = nuevas funciones<\/li>\n<li>Somos la \u00fanica empresa que ofrece servicio de equipos y repuestos<\/li>\n<\/ul>\n<\/div><\/div><div class=\"w-separator size_small\"><\/div><\/div><\/div><\/div><\/div><\/section><section class=\"l-section wpb_row height_custom\"><div class=\"l-section-overlay\" style=\"background:var(--color-content-bg-alt)\"><\/div><div class=\"l-section-h i-cf\"><div class=\"g-cols vc_row via_grid cols_2 laptops-cols_inherit tablets-cols_inherit mobiles-cols_1 valign_top type_default stacking_default\"><div class=\"wpb_column vc_column_container\"><div class=\"vc_column-inner\">[vc_custom_heading text=\u00bbSoftware de dos m\u00f3dulos\u00bb use_theme_fonts=\u00bbyes\u00bb]<div class=\"wpb_text_column\"><div class=\"wpb_wrapper\"><p>El sistema incluye dos aplicaciones:<\/p>\n<ul>\n<li>software de control<\/li>\n<li>software de gesti\u00f3n.<\/li>\n<\/ul>\n<\/div><\/div><div class=\"w-separator size_small\"><\/div><\/div><\/div><div class=\"wpb_column vc_column_container\"><div class=\"vc_column-inner\"><div class=\"w-image align_none\"><div class=\"w-image-h\"><img decoding=\"async\" width=\"388\" height=\"388\" src=\"https:\/\/i0.wp.com\/cutanduse.com\/wp-content\/uploads\/2024\/04\/image-23.png?fit=388%2C388&amp;ssl=1\" class=\"attachment-large size-large\" alt=\"\" loading=\"lazy\" srcset=\"https:\/\/i0.wp.com\/cutanduse.com\/wp-content\/uploads\/2024\/04\/image-23.png?w=388&amp;ssl=1 388w, https:\/\/i0.wp.com\/cutanduse.com\/wp-content\/uploads\/2024\/04\/image-23.png?resize=300%2C300&amp;ssl=1 300w, https:\/\/i0.wp.com\/cutanduse.com\/wp-content\/uploads\/2024\/04\/image-23.png?resize=150%2C150&amp;ssl=1 150w\" sizes=\"auto, (max-width: 388px) 100vw, 388px\" \/><\/div><\/div><\/div><\/div><\/div><\/div><\/section><section class=\"l-section wpb_row height_custom\"><div class=\"l-section-h i-cf\"><div class=\"g-cols vc_row via_grid cols_1 laptops-cols_inherit tablets-cols_inherit mobiles-cols_1 valign_top type_default stacking_default\"><div class=\"wpb_column vc_column_container\"><div class=\"vc_column-inner\"><\/div><\/div><\/div><\/div><\/section>\n","protected":false},"excerpt":{"rendered":"[vc_custom_heading text=\"\u00bfQu\u00e9 es el sistema CUT&amp;USE?\" font_container=\"tag:h1|text_align:center\" use_theme_fonts=\"yes\"]Ofrecemos dispositivos de corte con panel de control y materiales de aplicaci\u00f3n. Con \u00e9l puedes recortar la protecci\u00f3n para cualquier modelo disponible en la base de datos de contornos a partir de material en un tama\u00f1o universal. Ofreces a tu cliente varias opciones de protecci\u00f3n: materiales para la...","protected":false},"author":2,"featured_media":0,"parent":0,"menu_order":0,"comment_status":"closed","ping_status":"closed","template":"","meta":{"footnotes":""},"class_list":["post-9289","page","type-page","status-publish","hentry"],"yoast_head":"<!-- This site is optimized with the Yoast SEO plugin v26.5 - https:\/\/yoast.com\/wordpress\/plugins\/seo\/ -->\n<title>Descripci\u00f3n del sistema - Cut&amp;Use<\/title>\n<meta name=\"robots\" content=\"index, follow, max-snippet:-1, max-image-preview:large, max-video-preview:-1\" \/>\n<link rel=\"canonical\" href=\"https:\/\/cutanduse.com\/es\/descripcion-del-sistema\/\" \/>\n<meta property=\"og:locale\" content=\"es_ES\" \/>\n<meta property=\"og:type\" content=\"article\" \/>\n<meta property=\"og:title\" content=\"Descripci\u00f3n del sistema - Cut&amp;Use\" \/>\n<meta property=\"og:url\" content=\"https:\/\/cutanduse.com\/es\/descripcion-del-sistema\/\" \/>\n<meta property=\"og:site_name\" content=\"Cut&amp;Use\" \/>\n<meta property=\"article:modified_time\" content=\"2024-05-08T05:25:50+00:00\" \/>\n<meta property=\"og:image\" content=\"https:\/\/i0.wp.com\/cutanduse.com\/wp-content\/uploads\/2023\/07\/27.04.2023_logo_myscreen-CUTUSE_is-02.png?fit=4185%2C1619&ssl=1\" \/>\n\t<meta property=\"og:image:width\" content=\"4185\" \/>\n\t<meta property=\"og:image:height\" content=\"1619\" \/>\n\t<meta property=\"og:image:type\" content=\"image\/png\" \/>\n<meta name=\"twitter:card\" content=\"summary_large_image\" \/>\n<meta name=\"twitter:label1\" content=\"Tiempo de lectura\" \/>\n\t<meta name=\"twitter:data1\" content=\"5 minutos\" \/>\n<script type=\"application\/ld+json\" class=\"yoast-schema-graph\">{\"@context\":\"https:\/\/schema.org\",\"@graph\":[{\"@type\":\"WebPage\",\"@id\":\"https:\/\/cutanduse.com\/es\/descripcion-del-sistema\/\",\"url\":\"https:\/\/cutanduse.com\/es\/descripcion-del-sistema\/\",\"name\":\"Descripci\u00f3n del sistema - Cut&amp;Use\",\"isPartOf\":{\"@id\":\"https:\/\/cutanduse.com\/es\/#website\"},\"datePublished\":\"2023-08-01T08:12:03+00:00\",\"dateModified\":\"2024-05-08T05:25:50+00:00\",\"breadcrumb\":{\"@id\":\"https:\/\/cutanduse.com\/es\/descripcion-del-sistema\/#breadcrumb\"},\"inLanguage\":\"es\",\"potentialAction\":[{\"@type\":\"ReadAction\",\"target\":[\"https:\/\/cutanduse.com\/es\/descripcion-del-sistema\/\"]}]},{\"@type\":\"BreadcrumbList\",\"@id\":\"https:\/\/cutanduse.com\/es\/descripcion-del-sistema\/#breadcrumb\",\"itemListElement\":[{\"@type\":\"ListItem\",\"position\":1,\"name\":\"Strona g\u0142\u00f3wna\",\"item\":\"https:\/\/cutanduse.com\/es\/\"},{\"@type\":\"ListItem\",\"position\":2,\"name\":\"Descripci\u00f3n del sistema\"}]},{\"@type\":\"WebSite\",\"@id\":\"https:\/\/cutanduse.com\/es\/#website\",\"url\":\"https:\/\/cutanduse.com\/es\/\",\"name\":\"CUT&USE\",\"description\":\"\",\"publisher\":{\"@id\":\"https:\/\/cutanduse.com\/es\/#organization\"},\"potentialAction\":[{\"@type\":\"SearchAction\",\"target\":{\"@type\":\"EntryPoint\",\"urlTemplate\":\"https:\/\/cutanduse.com\/es\/?s={search_term_string}\"},\"query-input\":{\"@type\":\"PropertyValueSpecification\",\"valueRequired\":true,\"valueName\":\"search_term_string\"}}],\"inLanguage\":\"es\"},{\"@type\":\"Organization\",\"@id\":\"https:\/\/cutanduse.com\/es\/#organization\",\"name\":\"CUT&USE\",\"url\":\"https:\/\/cutanduse.com\/es\/\",\"logo\":{\"@type\":\"ImageObject\",\"inLanguage\":\"es\",\"@id\":\"https:\/\/cutanduse.com\/es\/#\/schema\/logo\/image\/\",\"url\":\"https:\/\/cutanduse.com\/wp-content\/uploads\/2023\/07\/27.04.2023_logo_myscreen-CUTUSE_is-02.png\",\"contentUrl\":\"https:\/\/cutanduse.com\/wp-content\/uploads\/2023\/07\/27.04.2023_logo_myscreen-CUTUSE_is-02.png\",\"width\":4185,\"height\":1619,\"caption\":\"CUT&USE\"},\"image\":{\"@id\":\"https:\/\/cutanduse.com\/es\/#\/schema\/logo\/image\/\"}}]}<\/script>\n<!-- \/ Yoast SEO plugin. -->","yoast_head_json":{"title":"Descripci\u00f3n del sistema - Cut&amp;Use","robots":{"index":"index","follow":"follow","max-snippet":"max-snippet:-1","max-image-preview":"max-image-preview:large","max-video-preview":"max-video-preview:-1"},"canonical":"https:\/\/cutanduse.com\/es\/descripcion-del-sistema\/","og_locale":"es_ES","og_type":"article","og_title":"Descripci\u00f3n del sistema - Cut&amp;Use","og_url":"https:\/\/cutanduse.com\/es\/descripcion-del-sistema\/","og_site_name":"Cut&amp;Use","article_modified_time":"2024-05-08T05:25:50+00:00","og_image":[{"width":4185,"height":1619,"url":"https:\/\/i0.wp.com\/cutanduse.com\/wp-content\/uploads\/2023\/07\/27.04.2023_logo_myscreen-CUTUSE_is-02.png?fit=4185%2C1619&ssl=1","type":"image\/png"}],"twitter_card":"summary_large_image","twitter_misc":{"Tiempo de lectura":"5 minutos"},"schema":{"@context":"https:\/\/schema.org","@graph":[{"@type":"WebPage","@id":"https:\/\/cutanduse.com\/es\/descripcion-del-sistema\/","url":"https:\/\/cutanduse.com\/es\/descripcion-del-sistema\/","name":"Descripci\u00f3n del sistema - Cut&amp;Use","isPartOf":{"@id":"https:\/\/cutanduse.com\/es\/#website"},"datePublished":"2023-08-01T08:12:03+00:00","dateModified":"2024-05-08T05:25:50+00:00","breadcrumb":{"@id":"https:\/\/cutanduse.com\/es\/descripcion-del-sistema\/#breadcrumb"},"inLanguage":"es","potentialAction":[{"@type":"ReadAction","target":["https:\/\/cutanduse.com\/es\/descripcion-del-sistema\/"]}]},{"@type":"BreadcrumbList","@id":"https:\/\/cutanduse.com\/es\/descripcion-del-sistema\/#breadcrumb","itemListElement":[{"@type":"ListItem","position":1,"name":"Strona g\u0142\u00f3wna","item":"https:\/\/cutanduse.com\/es\/"},{"@type":"ListItem","position":2,"name":"Descripci\u00f3n del sistema"}]},{"@type":"WebSite","@id":"https:\/\/cutanduse.com\/es\/#website","url":"https:\/\/cutanduse.com\/es\/","name":"CUT&USE","description":"","publisher":{"@id":"https:\/\/cutanduse.com\/es\/#organization"},"potentialAction":[{"@type":"SearchAction","target":{"@type":"EntryPoint","urlTemplate":"https:\/\/cutanduse.com\/es\/?s={search_term_string}"},"query-input":{"@type":"PropertyValueSpecification","valueRequired":true,"valueName":"search_term_string"}}],"inLanguage":"es"},{"@type":"Organization","@id":"https:\/\/cutanduse.com\/es\/#organization","name":"CUT&USE","url":"https:\/\/cutanduse.com\/es\/","logo":{"@type":"ImageObject","inLanguage":"es","@id":"https:\/\/cutanduse.com\/es\/#\/schema\/logo\/image\/","url":"https:\/\/cutanduse.com\/wp-content\/uploads\/2023\/07\/27.04.2023_logo_myscreen-CUTUSE_is-02.png","contentUrl":"https:\/\/cutanduse.com\/wp-content\/uploads\/2023\/07\/27.04.2023_logo_myscreen-CUTUSE_is-02.png","width":4185,"height":1619,"caption":"CUT&USE"},"image":{"@id":"https:\/\/cutanduse.com\/es\/#\/schema\/logo\/image\/"}}]}},"jetpack_sharing_enabled":true,"_links":{"self":[{"href":"https:\/\/cutanduse.com\/es\/wp-json\/wp\/v2\/pages\/9289","targetHints":{"allow":["GET"]}}],"collection":[{"href":"https:\/\/cutanduse.com\/es\/wp-json\/wp\/v2\/pages"}],"about":[{"href":"https:\/\/cutanduse.com\/es\/wp-json\/wp\/v2\/types\/page"}],"author":[{"embeddable":true,"href":"https:\/\/cutanduse.com\/es\/wp-json\/wp\/v2\/users\/2"}],"replies":[{"embeddable":true,"href":"https:\/\/cutanduse.com\/es\/wp-json\/wp\/v2\/comments?post=9289"}],"version-history":[{"count":5,"href":"https:\/\/cutanduse.com\/es\/wp-json\/wp\/v2\/pages\/9289\/revisions"}],"predecessor-version":[{"id":9304,"href":"https:\/\/cutanduse.com\/es\/wp-json\/wp\/v2\/pages\/9289\/revisions\/9304"}],"wp:attachment":[{"href":"https:\/\/cutanduse.com\/es\/wp-json\/wp\/v2\/media?parent=9289"}],"curies":[{"name":"wp","href":"https:\/\/api.w.org\/{rel}","templated":true}]}}