{"id":9238,"date":"2013-05-31T11:56:39","date_gmt":"2013-05-31T09:56:39","guid":{"rendered":"https:\/\/cutanduse.com\/contacto\/"},"modified":"2026-01-07T12:21:40","modified_gmt":"2026-01-07T11:21:40","slug":"contacto","status":"publish","type":"page","link":"https:\/\/cutanduse.com\/es\/contacto\/","title":{"rendered":"Contacto"},"content":{"rendered":"<section class=\"l-section wpb_row us_custom_6df4bc3a has_text_color height_custom with_img\"><div class=\"l-section-img\" role=\"img\" aria-label=\"Imagen\" data-img-width=\"1915\" data-img-height=\"805\" style=\"background-image: url(https:\/\/i0.wp.com\/cutanduse.com\/wp-content\/uploads\/2023\/08\/ploter-szeroki.jpg?fit=1915%2C805&#038;ssl=1);\"><\/div><div class=\"l-section-overlay\" style=\"background:rgba(0,0,0,0.60)\"><\/div><div class=\"l-section-h i-cf\"><div class=\"g-cols vc_row via_grid cols_1 laptops-cols_inherit tablets-cols_inherit mobiles-cols_1 valign_top type_default stacking_default\"><div class=\"wpb_column vc_column_container\"><div class=\"vc_column-inner\">[vc_custom_heading text=\u00bbCont\u00e1ctenos\u00bb font_container=\u00bbtag:h1|text_align:center\u00bb use_theme_fonts=\u00bbyes\u00bb]<\/div><\/div><\/div><\/div><\/section><section class=\"l-section wpb_row height_custom\"><div class=\"l-section-h i-cf\"><div class=\"g-cols vc_row via_grid cols_1-2 laptops-cols_inherit tablets-cols_inherit mobiles-cols_1 valign_top type_default stacking_default\" style=\"--columns-gap:calc(3rem + 10px);\"><div class=\"wpb_column vc_column_container\"><div class=\"vc_column-inner\">[vc_custom_heading text=\u00bbDatos de la empresa\u00bb use_theme_fonts=\u00bbyes\u00bb]<div class=\"wpb_text_column\"><div class=\"wpb_wrapper\"><p><strong>LAMEL Technology Sp. z o.o.<\/strong><\/p>\n<p>ul. \u017bwirowa 132,<br \/>\n66-400 Gorz\u00f3w Wielkopolski,<br \/>\nPolska<\/p>\n<p>NIP: 5993193336<br \/>\nKRS: 0000654646<br \/>\nREGON: 366220130<\/p>\n<\/div><\/div><div class=\"w-separator size_small\"><\/div><div class=\"w-iconbox iconpos_left style_circle color_primary align_left no_text\"><a href=\"mailto:ltsales@lamel.pl\" class=\"w-iconbox-link\" aria-label=\"ltsales@lamel.pl\"><div class=\"w-iconbox-icon\" style=\"font-size:22px;\"><i class=\"far fa-envelope\"><\/i><\/div><\/a><div class=\"w-iconbox-meta\"><div class=\"w-iconbox-title\"><a href=\"mailto:ltsales@lamel.pl\" class=\"w-iconbox-link\" aria-label=\"ltsales@lamel.pl\">ltsales@lamel.pl<\/a><\/div><\/div><\/div><\/div><\/div><div class=\"wpb_column vc_column_container\"><div class=\"vc_column-inner\"><div class=\"wpb_text_column\"><div class=\"wpb_wrapper\"><h2 class=\"elementor-heading-title elementor-size-default\">Formulario de contacto<\/h2>\n<\/div><\/div><div class=\"w-separator size_small\"><\/div><form class=\"w-form  us-field-style_1 layout_ver show_message_after_sending for_cform us_form_1 validate_by_recaptcha\" action=\"https:\/\/cutanduse.com\/es\/wp-json\/wp\/v2\/pages\/9238\" method=\"post\"><div class=\"w-form-h\"><div class=\"w-form-row for_text has_label\">\r\n\t\t\t<div class=\"w-form-row-label\">\r\n\t\t\t<span>Nombre y apellido<\/span>\r\n\t\t<\/div>\r\n\t\t<div class=\"w-form-row-field\">\r\n\t\t\t\t\t\t<input aria-label=\"Nombre y apellido\" type=\"text\" name=\"us_form_1_text_1\" value placeholder\/>\r\n\t\t\t<\/div>\r\n\t\t<div class=\"w-form-row-state\">Rellena este campo<\/div>\r\n<\/div>\r\n<div class=\"w-form-row for_email has_label required\">\r\n\t\t\t<div class=\"w-form-row-label\">\r\n\t\t\t<span>direcci\u00f3n de correo electr\u00f3nico del trabajo *<\/span>\r\n\t\t<\/div>\r\n\t\t<div class=\"w-form-row-field\">\r\n\t\t\t\t\t\t<input aria-label=\"direcci\u00f3n de correo electr\u00f3nico del trabajo\" type=\"email\" name=\"us_form_1_email_1\" value placeholder data-required=\"true\" aria-required=\"true\"\/>\r\n\t\t\t<\/div>\r\n\t\t<div class=\"w-form-row-state\">Por favor, introduce una direcci\u00f3n de correo electr\u00f3nico v\u00e1lida.<\/div>\r\n<\/div>\r\n<div class=\"w-form-row for_textarea has_label required\">\r\n\t\t\t<div class=\"w-form-row-label\">\r\n\t\t\t<span>Mensaje *<\/span>\r\n\t\t<\/div>\r\n\t\t<div class=\"w-form-row-field\">\r\n\t\t\t\t\t\t<textarea aria-label=\"Mensaje\" name=\"us_form_1_textarea_1\" placeholder data-required=\"true\" aria-required=\"true\"><\/textarea>\r\n\t\t\t<\/div>\r\n\t\t<div class=\"w-form-row-state\">Rellena este campo<\/div>\r\n<\/div>\r\n<input type=\"hidden\" name=\"action\" value=\"us_ajax_cform\" \/>\r\n<input type=\"hidden\" name=\"post_id\" value=\"0\" \/>\r\n<input type=\"hidden\" name=\"form_index\" value=\"1\" \/>\r\n<div class=\"w-form-row for_submit align_none\">\r\n\t<button class=\"w-btn  us-btn-style_21\" aria-label=\"ENVIAR UN MENSAJE\" type=\"submit\">\r\n\t\t<span class=\"g-preloader type_1\"><\/span>\r\n\t\t\t\t<span class=\"w-btn-label\">ENVIAR UN MENSAJE<\/span>\r\n\t\t\t<\/button>\r\n\t<\/div>\r\n<\/div><div class=\"w-form-message\"><\/div><div class=\"w-form-json hidden\" onclick='return {&quot;ajaxurl&quot;:&quot;https:\\\/\\\/cutanduse.com\\\/wp-admin\\\/admin-ajax.php&quot;,&quot;messages&quot;:{&quot;err_empty&quot;:&quot;Rellena este campo&quot;,&quot;err_size&quot;:&quot;El tama\\u00f1o del archivo no puede exceder %s MB&quot;,&quot;err_extension&quot;:&quot;El tipo de archivo %s no est\\u00e1 permitido&quot;,&quot;err_recaptcha_keys&quot;:&quot;Las claves de reCAPTCHA son incorrectas&quot;},&quot;recaptcha_site_key&quot;:&quot;6Lew3owhAAAAALRj5l0p4025ZBRfJtmsT2HOHnj6&quot;}'><\/div><\/form><\/div><\/div><\/div><\/div><\/section>\n","protected":false},"excerpt":{"rendered":"[vc_custom_heading text=\"Cont\u00e1ctenos\" font_container=\"tag:h1|text_align:center\" use_theme_fonts=\"yes\"][vc_custom_heading text=\"Datos de la empresa\" use_theme_fonts=\"yes\"]LAMEL Technology Sp. z o.o. ul. \u017bwirowa 132, 66-400 Gorz\u00f3w Wielkopolski, Polska NIP: 5993193336 KRS: 0000654646 REGON: 366220130 ltsales@lamel.plFormulario de contacto Nombre y apellido Rellena este campo direcci\u00f3n de correo electr\u00f3nico del trabajo * Por favor, introduce una direcci\u00f3n de correo electr\u00f3nico v\u00e1lida. Mensaje * Rellena este...","protected":false},"author":2,"featured_media":0,"parent":0,"menu_order":0,"comment_status":"closed","ping_status":"closed","template":"","meta":{"footnotes":""},"class_list":["post-9238","page","type-page","status-publish","hentry"],"yoast_head":"<!-- This site is optimized with the Yoast SEO plugin v26.5 - https:\/\/yoast.com\/wordpress\/plugins\/seo\/ -->\n<title>Contacto - Cut&amp;Use<\/title>\n<meta name=\"robots\" content=\"index, follow, max-snippet:-1, max-image-preview:large, max-video-preview:-1\" \/>\n<link rel=\"canonical\" href=\"https:\/\/cutanduse.com\/es\/contacto\/\" \/>\n<meta property=\"og:locale\" content=\"es_ES\" \/>\n<meta property=\"og:type\" content=\"article\" \/>\n<meta property=\"og:title\" content=\"Contacto - Cut&amp;Use\" \/>\n<meta property=\"og:url\" content=\"https:\/\/cutanduse.com\/es\/contacto\/\" \/>\n<meta property=\"og:site_name\" content=\"Cut&amp;Use\" \/>\n<meta property=\"article:modified_time\" content=\"2026-01-07T11:21:40+00:00\" \/>\n<meta property=\"og:image\" content=\"https:\/\/i0.wp.com\/cutanduse.com\/wp-content\/uploads\/2023\/07\/27.04.2023_logo_myscreen-CUTUSE_is-02.png?fit=4185%2C1619&ssl=1\" \/>\n\t<meta property=\"og:image:width\" content=\"4185\" \/>\n\t<meta property=\"og:image:height\" content=\"1619\" \/>\n\t<meta property=\"og:image:type\" content=\"image\/png\" \/>\n<meta name=\"twitter:card\" content=\"summary_large_image\" \/>\n<meta name=\"twitter:label1\" content=\"Tiempo de lectura\" \/>\n\t<meta name=\"twitter:data1\" content=\"1 minuto\" \/>\n<script type=\"application\/ld+json\" class=\"yoast-schema-graph\">{\"@context\":\"https:\/\/schema.org\",\"@graph\":[{\"@type\":\"WebPage\",\"@id\":\"https:\/\/cutanduse.com\/es\/contacto\/\",\"url\":\"https:\/\/cutanduse.com\/es\/contacto\/\",\"name\":\"Contacto - Cut&amp;Use\",\"isPartOf\":{\"@id\":\"https:\/\/cutanduse.com\/es\/#website\"},\"datePublished\":\"2013-05-31T09:56:39+00:00\",\"dateModified\":\"2026-01-07T11:21:40+00:00\",\"breadcrumb\":{\"@id\":\"https:\/\/cutanduse.com\/es\/contacto\/#breadcrumb\"},\"inLanguage\":\"es\",\"potentialAction\":[{\"@type\":\"ReadAction\",\"target\":[\"https:\/\/cutanduse.com\/es\/contacto\/\"]}]},{\"@type\":\"BreadcrumbList\",\"@id\":\"https:\/\/cutanduse.com\/es\/contacto\/#breadcrumb\",\"itemListElement\":[{\"@type\":\"ListItem\",\"position\":1,\"name\":\"Strona g\u0142\u00f3wna\",\"item\":\"https:\/\/cutanduse.com\/es\/\"},{\"@type\":\"ListItem\",\"position\":2,\"name\":\"Contacto\"}]},{\"@type\":\"WebSite\",\"@id\":\"https:\/\/cutanduse.com\/es\/#website\",\"url\":\"https:\/\/cutanduse.com\/es\/\",\"name\":\"CUT&USE\",\"description\":\"\",\"publisher\":{\"@id\":\"https:\/\/cutanduse.com\/es\/#organization\"},\"potentialAction\":[{\"@type\":\"SearchAction\",\"target\":{\"@type\":\"EntryPoint\",\"urlTemplate\":\"https:\/\/cutanduse.com\/es\/?s={search_term_string}\"},\"query-input\":{\"@type\":\"PropertyValueSpecification\",\"valueRequired\":true,\"valueName\":\"search_term_string\"}}],\"inLanguage\":\"es\"},{\"@type\":\"Organization\",\"@id\":\"https:\/\/cutanduse.com\/es\/#organization\",\"name\":\"CUT&USE\",\"url\":\"https:\/\/cutanduse.com\/es\/\",\"logo\":{\"@type\":\"ImageObject\",\"inLanguage\":\"es\",\"@id\":\"https:\/\/cutanduse.com\/es\/#\/schema\/logo\/image\/\",\"url\":\"https:\/\/cutanduse.com\/wp-content\/uploads\/2023\/07\/27.04.2023_logo_myscreen-CUTUSE_is-02.png\",\"contentUrl\":\"https:\/\/cutanduse.com\/wp-content\/uploads\/2023\/07\/27.04.2023_logo_myscreen-CUTUSE_is-02.png\",\"width\":4185,\"height\":1619,\"caption\":\"CUT&USE\"},\"image\":{\"@id\":\"https:\/\/cutanduse.com\/es\/#\/schema\/logo\/image\/\"}}]}<\/script>\n<!-- \/ Yoast SEO plugin. -->","yoast_head_json":{"title":"Contacto - Cut&amp;Use","robots":{"index":"index","follow":"follow","max-snippet":"max-snippet:-1","max-image-preview":"max-image-preview:large","max-video-preview":"max-video-preview:-1"},"canonical":"https:\/\/cutanduse.com\/es\/contacto\/","og_locale":"es_ES","og_type":"article","og_title":"Contacto - Cut&amp;Use","og_url":"https:\/\/cutanduse.com\/es\/contacto\/","og_site_name":"Cut&amp;Use","article_modified_time":"2026-01-07T11:21:40+00:00","og_image":[{"width":4185,"height":1619,"url":"https:\/\/i0.wp.com\/cutanduse.com\/wp-content\/uploads\/2023\/07\/27.04.2023_logo_myscreen-CUTUSE_is-02.png?fit=4185%2C1619&ssl=1","type":"image\/png"}],"twitter_card":"summary_large_image","twitter_misc":{"Tiempo de lectura":"1 minuto"},"schema":{"@context":"https:\/\/schema.org","@graph":[{"@type":"WebPage","@id":"https:\/\/cutanduse.com\/es\/contacto\/","url":"https:\/\/cutanduse.com\/es\/contacto\/","name":"Contacto - Cut&amp;Use","isPartOf":{"@id":"https:\/\/cutanduse.com\/es\/#website"},"datePublished":"2013-05-31T09:56:39+00:00","dateModified":"2026-01-07T11:21:40+00:00","breadcrumb":{"@id":"https:\/\/cutanduse.com\/es\/contacto\/#breadcrumb"},"inLanguage":"es","potentialAction":[{"@type":"ReadAction","target":["https:\/\/cutanduse.com\/es\/contacto\/"]}]},{"@type":"BreadcrumbList","@id":"https:\/\/cutanduse.com\/es\/contacto\/#breadcrumb","itemListElement":[{"@type":"ListItem","position":1,"name":"Strona g\u0142\u00f3wna","item":"https:\/\/cutanduse.com\/es\/"},{"@type":"ListItem","position":2,"name":"Contacto"}]},{"@type":"WebSite","@id":"https:\/\/cutanduse.com\/es\/#website","url":"https:\/\/cutanduse.com\/es\/","name":"CUT&USE","description":"","publisher":{"@id":"https:\/\/cutanduse.com\/es\/#organization"},"potentialAction":[{"@type":"SearchAction","target":{"@type":"EntryPoint","urlTemplate":"https:\/\/cutanduse.com\/es\/?s={search_term_string}"},"query-input":{"@type":"PropertyValueSpecification","valueRequired":true,"valueName":"search_term_string"}}],"inLanguage":"es"},{"@type":"Organization","@id":"https:\/\/cutanduse.com\/es\/#organization","name":"CUT&USE","url":"https:\/\/cutanduse.com\/es\/","logo":{"@type":"ImageObject","inLanguage":"es","@id":"https:\/\/cutanduse.com\/es\/#\/schema\/logo\/image\/","url":"https:\/\/cutanduse.com\/wp-content\/uploads\/2023\/07\/27.04.2023_logo_myscreen-CUTUSE_is-02.png","contentUrl":"https:\/\/cutanduse.com\/wp-content\/uploads\/2023\/07\/27.04.2023_logo_myscreen-CUTUSE_is-02.png","width":4185,"height":1619,"caption":"CUT&USE"},"image":{"@id":"https:\/\/cutanduse.com\/es\/#\/schema\/logo\/image\/"}}]}},"jetpack_sharing_enabled":true,"_links":{"self":[{"href":"https:\/\/cutanduse.com\/es\/wp-json\/wp\/v2\/pages\/9238","targetHints":{"allow":["GET"]}}],"collection":[{"href":"https:\/\/cutanduse.com\/es\/wp-json\/wp\/v2\/pages"}],"about":[{"href":"https:\/\/cutanduse.com\/es\/wp-json\/wp\/v2\/types\/page"}],"author":[{"embeddable":true,"href":"https:\/\/cutanduse.com\/es\/wp-json\/wp\/v2\/users\/2"}],"replies":[{"embeddable":true,"href":"https:\/\/cutanduse.com\/es\/wp-json\/wp\/v2\/comments?post=9238"}],"version-history":[{"count":13,"href":"https:\/\/cutanduse.com\/es\/wp-json\/wp\/v2\/pages\/9238\/revisions"}],"predecessor-version":[{"id":11066,"href":"https:\/\/cutanduse.com\/es\/wp-json\/wp\/v2\/pages\/9238\/revisions\/11066"}],"wp:attachment":[{"href":"https:\/\/cutanduse.com\/es\/wp-json\/wp\/v2\/media?parent=9238"}],"curies":[{"name":"wp","href":"https:\/\/api.w.org\/{rel}","templated":true}]}}