{"id":8699,"date":"2015-04-08T15:40:23","date_gmt":"2015-04-08T13:40:23","guid":{"rendered":"https:\/\/cutanduse.com\/?page_id=8699"},"modified":"2024-09-17T13:29:33","modified_gmt":"2024-09-17T11:29:33","slug":"home","status":"publish","type":"page","link":"https:\/\/cutanduse.com\/de\/","title":{"rendered":"Home"},"content":{"rendered":"<section class=\"l-section wpb_row height_medium full_height valign_center width_custom color_alternate with_video with_youtube\" style=\"--site-content-width:800px;\"><div id=\"us_bg_video_aa4d\" class=\"l-section-video\"><script id=\"us_bg_video_aa4d-script\">!function(w){var node = document.getElementById( 'us_bg_video_aa4d' );if ( w.innerWidth <= 600 ) { node.remove() }}(window);<\/script><style>@media(max-width:600px){#us_bg_video_aa4d{display:none!important}}<\/style><script id=\"youtube_aa4d\">\r\n\t\t\t\t\twindow.USYTPlayers = ( window.USYTPlayers || { initYTFunctions: [], optionsYT: [], USYTInited: false } );\r\n\t\t\t\t\twindow.USYTPlayers.initYTFunctions.push( function() {\r\n\t\t\t\t\t\tvar player = new YT.Player( \"youtube_aa4d\" , {\r\n\t\t\t\t\t\t\tvideoId: \"qYr0p4pUKNE\",\r\n\t\t\t\t\t\t\tplayerVars: {\"playlist\":\"qYr0p4pUKNE\",\"autohide\":1,\"autoplay\":1,\"mute\":1,\"controls\":0,\"disablekb\":1,\"enablejsapi\":1,\"fs\":0,\"loop\":1,\"rel\":0,\"showinfo\":0},\r\n\t\t\t\t\t\t\tevents: {\r\n\t\t\t\t\t\t\t\tonReady: function ( e ) {\r\n\t\t\t\t\t\t\t\t\te.target.mute();\r\n\t\t\t\t\t\t\t\t\te.target.playVideo();\r\n\t\t\t\t\t\t\t\t\te.target.g.allow = \"autoplay; fullscreen; picture-in-picture\";\r\n\t\t\t\t\t\t\t\t\te.target.g.width = window.innerWidth;\r\n\t\t\t\t\t\t\t\t\te.target.g.loading = \"lazy\";\r\n\t\t\t\t\t\t\t\t\te.target.g.dispatchEvent( new Event( \"resize\", { bubbles: true } ) );\r\n\t\t\t\t\t\t\t\t}\r\n\t\t\t\t\t\t\t}\r\n\t\t\t\t\t\t});\r\n\t\t\t\t\t\tdocument.querySelector( \"script#youtube_api_aa4d\" ).remove();\r\n\t\t\t\t\t} );\r\n\t\t\t\t\twindow.onYouTubeIframeAPIReady = function() {\r\n\t\t\t\t\t\twindow.USYTPlayers.initYTFunctions.forEach( function( YTPlayer ) {\r\n\t\t\t\t\t\t\tif ( typeof YTPlayer === \"function\" ) {\r\n\t\t\t\t\t\t\t\tYTPlayer();\r\n\t\t\t\t\t\t\t}\r\n\t\t\t\t\t\t} );\r\n\t\t\t\t\t};\r\n\t\t\t\t\tvar script = document.createElement( \"script\" );\r\n\t\t\t\t\tscript.id = \"youtube_api_aa4d\";\r\n\t\t\t\t\tscript.src = \"https:\/\/www.youtube.com\/iframe_api\";\r\n\t\t\t\t\tdocument.head.append( script );\r\n\t\t\t\t<\/script><\/div><div class=\"l-section-overlay\" style=\"background:rgba(0,0,0,0.60)\"><\/div><div class=\"l-section-h i-cf\"><div class=\"g-cols vc_row via_grid cols_1 laptops-cols_inherit tablets-cols_inherit mobiles-cols_1 valign_top type_default stacking_default\"><div class=\"wpb_column vc_column_container\"><div class=\"vc_column-inner\"><h1 class=\"w-text us_custom_dc612e53 has_text_color\"><span class=\"w-text-h\"><span class=\"w-text-value\">CUT&amp;USE ist ein Plotter mit propriet\u00e4rer Software und Anwendungsmaterialien<\/span><\/span><\/h1><div class=\"w-iconbox iconpos_top style_circle color_custom align_center no_text no_title\"><a href=\"#second\" class=\"w-iconbox-link\" aria-label=\"far|chevron-down\"><div class=\"w-iconbox-icon\" style=\"font-size:1.5rem;--icon-color:#1a1a1a;--icon-bg-color:var(--color-content-bg);\"><i class=\"far fa-chevron-down\"><\/i><\/div><\/a><div class=\"w-iconbox-meta\"><\/div><\/div><\/div><\/div><\/div><\/div><\/section><section class=\"l-section wpb_row height_custom color_primary\"><div class=\"l-section-h i-cf\"><div class=\"g-cols vc_row via_grid cols_1 laptops-cols_inherit tablets-cols_inherit mobiles-cols_1 valign_top type_default stacking_default\"><div class=\"wpb_column vc_column_container\"><div class=\"vc_column-inner\">[vc_custom_heading text=&#8220;Reduzieren Sie zusammen mit der Folie das Risiko aus dem Gesch\u00e4ft&#8220; font_container=&#8220;tag:h2|text_align:center&#8220; use_theme_fonts=&#8220;yes&#8220; el_id=&#8220;second&#8220;]<div class=\"w-separator size_small\"><\/div><div class=\"wpb_text_column\"><div class=\"wpb_wrapper\"><p style=\"text-align: center;\">Wir bieten Ihnen ein Schneideger\u00e4t mit Bedienfeld und Anwendungsmaterialien an.<\/p>\n<p style=\"text-align: center;\">Dadurch k\u00f6nnen Sie den Schutz f\u00fcr jedes in der Umrissdatenbank verf\u00fcgbare Modell aus einem Material in Universalgr\u00f6\u00dfe ausschneiden.<\/p>\n<p style=\"text-align: center;\">Sie bieten Ihrem Kunden verschiedene Schutzoptionen: Bildschirm- und komplette Geh\u00e4usematerialien sowie einen App-Service.<\/p>\n<p style=\"text-align: center;\">Berichte und Analysen in einem speziellen Managementsystem.<\/p>\n<\/div><\/div><div class=\"w-separator size_medium\"><\/div><div class=\"g-cols wpb_row via_grid cols_3 laptops-cols_inherit tablets-cols_inherit mobiles-cols_1 valign_top type_default stacking_default\" style=\"--columns-gap:3rem;\"><div class=\"wpb_column vc_column_container\"><div class=\"vc_column-inner\"><div class=\"w-image align_none\"><div class=\"w-image-h\"><img decoding=\"async\" width=\"1000\" height=\"1000\" src=\"https:\/\/i0.wp.com\/cutanduse.com\/wp-content\/uploads\/2024\/04\/AIMG_0150-min-1-1.png?fit=1000%2C1000&amp;ssl=1\" class=\"attachment-large size-large\" alt=\"\" loading=\"lazy\" srcset=\"https:\/\/i0.wp.com\/cutanduse.com\/wp-content\/uploads\/2024\/04\/AIMG_0150-min-1-1.png?w=1000&amp;ssl=1 1000w, https:\/\/i0.wp.com\/cutanduse.com\/wp-content\/uploads\/2024\/04\/AIMG_0150-min-1-1.png?resize=300%2C300&amp;ssl=1 300w, https:\/\/i0.wp.com\/cutanduse.com\/wp-content\/uploads\/2024\/04\/AIMG_0150-min-1-1.png?resize=150%2C150&amp;ssl=1 150w\" sizes=\"auto, (max-width: 1000px) 100vw, 1000px\" \/><\/div><\/div>[vc_custom_heading text=&#8220;SCHNEIDESYSTEM&#8220; font_container=&#8220;tag:h4|text_align:center&#8220; use_theme_fonts=&#8220;yes&#8220;]<div class=\"wpb_text_column\"><div class=\"wpb_wrapper\"><p>Kompakter Schneideplotter mit Bedienfeld und Zugriff auf eine Datenbank mit Sicherheitsger\u00e4temodellen.<\/p>\n<\/div><\/div><\/div><\/div><div class=\"wpb_column vc_column_container\"><div class=\"vc_column-inner\"><div class=\"w-image align_none\"><div class=\"w-image-h\"><img decoding=\"async\" width=\"1000\" height=\"1000\" src=\"https:\/\/i0.wp.com\/cutanduse.com\/wp-content\/uploads\/2024\/04\/AIMG_0184-min-1-1.png?fit=1000%2C1000&amp;ssl=1\" class=\"attachment-large size-large\" alt=\"\" loading=\"lazy\" srcset=\"https:\/\/i0.wp.com\/cutanduse.com\/wp-content\/uploads\/2024\/04\/AIMG_0184-min-1-1.png?w=1000&amp;ssl=1 1000w, https:\/\/i0.wp.com\/cutanduse.com\/wp-content\/uploads\/2024\/04\/AIMG_0184-min-1-1.png?resize=300%2C300&amp;ssl=1 300w, https:\/\/i0.wp.com\/cutanduse.com\/wp-content\/uploads\/2024\/04\/AIMG_0184-min-1-1.png?resize=150%2C150&amp;ssl=1 150w\" sizes=\"auto, (max-width: 1000px) 100vw, 1000px\" \/><\/div><\/div>[vc_custom_heading text=&#8220;SCHUTZFOLIEN&#8220; font_container=&#8220;tag:h4|text_align:center&#8220; use_theme_fonts=&#8220;yes&#8220;]<div class=\"wpb_text_column\"><div class=\"wpb_wrapper\"><p>Schutzmaterialien in Universalgr\u00f6\u00dfen und mit verschiedenen \u00e4sthetischen und funktionalen Eigenschaften.<\/p>\n<\/div><\/div><\/div><\/div><div class=\"wpb_column vc_column_container\"><div class=\"vc_column-inner\"><div class=\"w-image align_none\"><div class=\"w-image-h\"><img decoding=\"async\" width=\"1000\" height=\"1000\" src=\"https:\/\/i0.wp.com\/cutanduse.com\/wp-content\/uploads\/2024\/04\/image-13-1-1.png?fit=1000%2C1000&amp;ssl=1\" class=\"attachment-large size-large\" alt=\"\" loading=\"lazy\" srcset=\"https:\/\/i0.wp.com\/cutanduse.com\/wp-content\/uploads\/2024\/04\/image-13-1-1.png?w=1000&amp;ssl=1 1000w, https:\/\/i0.wp.com\/cutanduse.com\/wp-content\/uploads\/2024\/04\/image-13-1-1.png?resize=300%2C300&amp;ssl=1 300w, https:\/\/i0.wp.com\/cutanduse.com\/wp-content\/uploads\/2024\/04\/image-13-1-1.png?resize=150%2C150&amp;ssl=1 150w\" sizes=\"auto, (max-width: 1000px) 100vw, 1000px\" \/><\/div><\/div>[vc_custom_heading text=&#8220;KUNDENDIENST&#8220; font_container=&#8220;tag:h4|text_align:center&#8220; use_theme_fonts=&#8220;yes&#8220;]<div class=\"wpb_text_column\"><div class=\"wpb_wrapper\"><p>Sie bieten verschiedene Schutzprodukte (sowohl f\u00fcr den Bildschirm als auch f\u00fcr das gesamte Geh\u00e4use) sowie den Installationsservice auf dem Ger\u00e4t des Kunden an.<\/p>\n<\/div><\/div><\/div><\/div><\/div><\/div><\/div><\/div><\/div><\/section><section class=\"l-section wpb_row height_custom\"><div class=\"l-section-overlay\" style=\"background:var(--color-content-bg-alt)\"><\/div><div class=\"l-section-h i-cf\"><div class=\"g-cols vc_row via_grid cols_1 laptops-cols_inherit tablets-cols_inherit mobiles-cols_1 valign_top type_default stacking_default\"><div class=\"wpb_column vc_column_container\"><div class=\"vc_column-inner\"><h3 class=\"w-itext type_fadeIn align_center dynamic_bold\" onclick='return {&quot;duration&quot;:200,&quot;delay&quot;:2000,&quot;disablePartAnimation&quot;:false,&quot;html_nbsp_char&quot;:true}'>Das\u00a0f\u00fchrende\u00a0umfassende\u00a0<span class=\"w-itext-part changesat_0 changesat_1 changesat_2 changesat_3 dynamic\" onclick='return [&quot;SMARTPHONE&quot;,&quot;TABLET&quot;,&quot;NAVIGATION&quot;,&quot;SMARTWATCH&quot;]'><span>SMARTPHONE<\/span><\/span><\/h3><div class=\"w-separator size_medium\"><\/div><div class=\"g-cols wpb_row via_grid cols_4 laptops-cols_inherit tablets-cols_inherit mobiles-cols_1 valign_top type_default stacking_default\" style=\"--columns-gap:3rem;\"><div class=\"wpb_column vc_column_container\"><div class=\"vc_column-inner\"><div class=\"w-image align_center\"><div class=\"w-image-h\"><img decoding=\"async\" width=\"56\" height=\"73\" src=\"https:\/\/i0.wp.com\/cutanduse.com\/wp-content\/uploads\/2023\/08\/front-and-back.png?fit=56%2C73&amp;ssl=1\" class=\"attachment-large size-large\" alt=\"\" loading=\"lazy\" \/><\/div><\/div>[vc_custom_heading text=&#8220;360\u00b0-SCHUTZ&#8220; font_container=&#8220;tag:h4|text_align:center&#8220; use_theme_fonts=&#8220;yes&#8220;]<div class=\"wpb_text_column\"><div class=\"wpb_wrapper\"><p>Umfassender Schutz des Bildschirms, der R\u00fcckseite und der Seiten des Ger\u00e4ts.<\/p>\n<\/div><\/div><\/div><\/div><div class=\"wpb_column vc_column_container\"><div class=\"vc_column-inner\"><div class=\"w-image align_center\"><div class=\"w-image-h\"><img decoding=\"async\" width=\"84\" height=\"81\" src=\"https:\/\/i0.wp.com\/cutanduse.com\/wp-content\/uploads\/2023\/08\/unique-materials.png?fit=84%2C81&amp;ssl=1\" class=\"attachment-large size-large\" alt=\"\" loading=\"lazy\" \/><\/div><\/div>[vc_custom_heading text=&#8220;VERSCHIEDENE MATERIALIEN&#8220; font_container=&#8220;tag:h4|text_align:center&#8220; use_theme_fonts=&#8220;yes&#8220;]<div class=\"wpb_text_column\"><div class=\"wpb_wrapper\"><p>Folien f\u00fcr flache und abgerundete Bildschirm- und Geh\u00e4useelemente; transparent, matt, sto\u00dffest, dekorativ usw.<\/p>\n<\/div><\/div><\/div><\/div><div class=\"wpb_column vc_column_container\"><div class=\"vc_column-inner\"><div class=\"w-image align_center\"><div class=\"w-image-h\"><img decoding=\"async\" width=\"73\" height=\"70\" src=\"https:\/\/i0.wp.com\/cutanduse.com\/wp-content\/uploads\/2023\/08\/dry-wet-application.png?fit=73%2C70&amp;ssl=1\" class=\"attachment-large size-large\" alt=\"\" loading=\"lazy\" \/><\/div><\/div>[vc_custom_heading text=&#8220;EINFACHE INSTALLATION&#8220; font_container=&#8220;tag:h4|text_align:center&#8220; use_theme_fonts=&#8220;yes&#8220;]<div class=\"wpb_text_column\"><div class=\"wpb_wrapper\"><p>Immer gelungene Montage mit dem EasyApp-System in den Varianten \u201enass\u201c und \u201etrocken\u201c.<\/p>\n<\/div><\/div><\/div><\/div><div class=\"wpb_column vc_column_container\"><div class=\"vc_column-inner\"><div class=\"w-image align_center\"><div class=\"w-image-h\"><img decoding=\"async\" width=\"84\" height=\"81\" src=\"https:\/\/i0.wp.com\/cutanduse.com\/wp-content\/uploads\/2023\/08\/unique-materials.png?fit=84%2C81&amp;ssl=1\" class=\"attachment-large size-large\" alt=\"\" loading=\"lazy\" \/><\/div><\/div>[vc_custom_heading text=&#8220;VOLLST\u00c4NDIGES RISIKOFREIES ANGEBOT&#8220; font_container=&#8220;tag:h4|text_align:center&#8220; use_theme_fonts=&#8220;yes&#8220;]<div class=\"wpb_text_column\"><div class=\"wpb_wrapper\"><p>Schicken Sie den Kunden nicht mit leeren H\u00e4nden weg. Verdienen Sie Geld mit jedem Schutz, den er sucht.<\/p>\n<\/div><\/div><\/div><\/div><\/div><\/div><\/div><\/div><\/div><\/section><section class=\"l-section wpb_row height_custom\"><div class=\"l-section-h i-cf\"><div class=\"g-cols vc_row via_grid cols_1 laptops-cols_inherit tablets-cols_inherit mobiles-cols_1 valign_top type_default stacking_default\"><div class=\"wpb_column vc_column_container\"><div class=\"vc_column-inner\"><div class=\"wpb_text_column\"><div class=\"wpb_wrapper\"><div class=\"elementor-element elementor-element-58fde4f4 elementor-widget elementor-widget-heading\" data-id=\"58fde4f4\" data-element_type=\"widget\" data-widget_type=\"heading.default\">\n<div class=\"elementor-widget-container\">\n<h2 style=\"text-align: center;\">Lassen Sie sich nicht von der Konkurrenz \u00fcberholen<\/h2>\n<p style=\"text-align: center;\">Z\u00f6gern Sie nicht! Kontaktieren Sie uns und werden Sie Teil der Expertengruppe f\u00fcr den Schutz mobiler Ger\u00e4te.<\/p>\n<\/div>\n<\/div>\n<\/div><\/div><\/div><\/div><\/div><\/div><\/section>\n","protected":false},"excerpt":{"rendered":"CUT&amp;USE ist ein Plotter mit propriet\u00e4rer Software und Anwendungsmaterialien[vc_custom_heading text=\"Reduzieren Sie zusammen mit der Folie das Risiko aus dem Gesch\u00e4ft\" font_container=\"tag:h2|text_align:center\" use_theme_fonts=\"yes\" el_id=\"second\"]Wir bieten Ihnen ein Schneideger\u00e4t mit Bedienfeld und Anwendungsmaterialien an. Dadurch k\u00f6nnen Sie den Schutz f\u00fcr jedes in der Umrissdatenbank verf\u00fcgbare Modell aus einem Material in Universalgr\u00f6\u00dfe ausschneiden. Sie bieten Ihrem Kunden verschiedene...","protected":false},"author":2,"featured_media":0,"parent":0,"menu_order":0,"comment_status":"closed","ping_status":"closed","template":"","meta":{"footnotes":""},"class_list":["post-8699","page","type-page","status-publish","hentry"],"yoast_head":"<!-- This site is optimized with the Yoast SEO plugin v26.5 - https:\/\/yoast.com\/wordpress\/plugins\/seo\/ -->\n<title>Home - Cut&amp;Use<\/title>\n<meta name=\"robots\" content=\"index, follow, max-snippet:-1, max-image-preview:large, max-video-preview:-1\" \/>\n<link rel=\"canonical\" href=\"https:\/\/cutanduse.com\/de\/\" \/>\n<meta property=\"og:locale\" content=\"de_DE\" \/>\n<meta property=\"og:type\" content=\"article\" \/>\n<meta property=\"og:title\" content=\"Home - Cut&amp;Use\" \/>\n<meta property=\"og:url\" content=\"https:\/\/cutanduse.com\/de\/\" \/>\n<meta property=\"og:site_name\" content=\"Cut&amp;Use\" \/>\n<meta property=\"article:modified_time\" content=\"2024-09-17T11:29:33+00:00\" \/>\n<meta property=\"og:image\" content=\"https:\/\/i0.wp.com\/cutanduse.com\/wp-content\/uploads\/2023\/07\/27.04.2023_logo_myscreen-CUTUSE_is-02.png?fit=4185%2C1619&ssl=1\" \/>\n\t<meta property=\"og:image:width\" content=\"4185\" \/>\n\t<meta property=\"og:image:height\" content=\"1619\" \/>\n\t<meta property=\"og:image:type\" content=\"image\/png\" \/>\n<meta name=\"twitter:card\" content=\"summary_large_image\" \/>\n<meta name=\"twitter:label1\" content=\"Gesch\u00e4tzte Lesezeit\" \/>\n\t<meta name=\"twitter:data1\" content=\"2\u00a0Minuten\" \/>\n<script type=\"application\/ld+json\" class=\"yoast-schema-graph\">{\"@context\":\"https:\/\/schema.org\",\"@graph\":[{\"@type\":\"WebPage\",\"@id\":\"https:\/\/cutanduse.com\/de\/\",\"url\":\"https:\/\/cutanduse.com\/de\/\",\"name\":\"Home - Cut&amp;Use\",\"isPartOf\":{\"@id\":\"https:\/\/cutanduse.com\/de\/#website\"},\"datePublished\":\"2015-04-08T13:40:23+00:00\",\"dateModified\":\"2024-09-17T11:29:33+00:00\",\"breadcrumb\":{\"@id\":\"https:\/\/cutanduse.com\/de\/#breadcrumb\"},\"inLanguage\":\"de\",\"potentialAction\":[{\"@type\":\"ReadAction\",\"target\":[\"https:\/\/cutanduse.com\/de\/\"]}]},{\"@type\":\"BreadcrumbList\",\"@id\":\"https:\/\/cutanduse.com\/de\/#breadcrumb\",\"itemListElement\":[{\"@type\":\"ListItem\",\"position\":1,\"name\":\"Strona g\u0142\u00f3wna\",\"item\":\"https:\/\/cutanduse.com\/de\/\"},{\"@type\":\"ListItem\",\"position\":2,\"name\":\"Home\"}]},{\"@type\":\"WebSite\",\"@id\":\"https:\/\/cutanduse.com\/de\/#website\",\"url\":\"https:\/\/cutanduse.com\/de\/\",\"name\":\"CUT&USE\",\"description\":\"\",\"publisher\":{\"@id\":\"https:\/\/cutanduse.com\/de\/#organization\"},\"potentialAction\":[{\"@type\":\"SearchAction\",\"target\":{\"@type\":\"EntryPoint\",\"urlTemplate\":\"https:\/\/cutanduse.com\/de\/?s={search_term_string}\"},\"query-input\":{\"@type\":\"PropertyValueSpecification\",\"valueRequired\":true,\"valueName\":\"search_term_string\"}}],\"inLanguage\":\"de\"},{\"@type\":\"Organization\",\"@id\":\"https:\/\/cutanduse.com\/de\/#organization\",\"name\":\"CUT&USE\",\"url\":\"https:\/\/cutanduse.com\/de\/\",\"logo\":{\"@type\":\"ImageObject\",\"inLanguage\":\"de\",\"@id\":\"https:\/\/cutanduse.com\/de\/#\/schema\/logo\/image\/\",\"url\":\"https:\/\/cutanduse.com\/wp-content\/uploads\/2023\/07\/27.04.2023_logo_myscreen-CUTUSE_is-02.png\",\"contentUrl\":\"https:\/\/cutanduse.com\/wp-content\/uploads\/2023\/07\/27.04.2023_logo_myscreen-CUTUSE_is-02.png\",\"width\":4185,\"height\":1619,\"caption\":\"CUT&USE\"},\"image\":{\"@id\":\"https:\/\/cutanduse.com\/de\/#\/schema\/logo\/image\/\"}}]}<\/script>\n<!-- \/ Yoast SEO plugin. -->","yoast_head_json":{"title":"Home - Cut&amp;Use","robots":{"index":"index","follow":"follow","max-snippet":"max-snippet:-1","max-image-preview":"max-image-preview:large","max-video-preview":"max-video-preview:-1"},"canonical":"https:\/\/cutanduse.com\/de\/","og_locale":"de_DE","og_type":"article","og_title":"Home - Cut&amp;Use","og_url":"https:\/\/cutanduse.com\/de\/","og_site_name":"Cut&amp;Use","article_modified_time":"2024-09-17T11:29:33+00:00","og_image":[{"width":4185,"height":1619,"url":"https:\/\/i0.wp.com\/cutanduse.com\/wp-content\/uploads\/2023\/07\/27.04.2023_logo_myscreen-CUTUSE_is-02.png?fit=4185%2C1619&ssl=1","type":"image\/png"}],"twitter_card":"summary_large_image","twitter_misc":{"Gesch\u00e4tzte Lesezeit":"2\u00a0Minuten"},"schema":{"@context":"https:\/\/schema.org","@graph":[{"@type":"WebPage","@id":"https:\/\/cutanduse.com\/de\/","url":"https:\/\/cutanduse.com\/de\/","name":"Home - Cut&amp;Use","isPartOf":{"@id":"https:\/\/cutanduse.com\/de\/#website"},"datePublished":"2015-04-08T13:40:23+00:00","dateModified":"2024-09-17T11:29:33+00:00","breadcrumb":{"@id":"https:\/\/cutanduse.com\/de\/#breadcrumb"},"inLanguage":"de","potentialAction":[{"@type":"ReadAction","target":["https:\/\/cutanduse.com\/de\/"]}]},{"@type":"BreadcrumbList","@id":"https:\/\/cutanduse.com\/de\/#breadcrumb","itemListElement":[{"@type":"ListItem","position":1,"name":"Strona g\u0142\u00f3wna","item":"https:\/\/cutanduse.com\/de\/"},{"@type":"ListItem","position":2,"name":"Home"}]},{"@type":"WebSite","@id":"https:\/\/cutanduse.com\/de\/#website","url":"https:\/\/cutanduse.com\/de\/","name":"CUT&USE","description":"","publisher":{"@id":"https:\/\/cutanduse.com\/de\/#organization"},"potentialAction":[{"@type":"SearchAction","target":{"@type":"EntryPoint","urlTemplate":"https:\/\/cutanduse.com\/de\/?s={search_term_string}"},"query-input":{"@type":"PropertyValueSpecification","valueRequired":true,"valueName":"search_term_string"}}],"inLanguage":"de"},{"@type":"Organization","@id":"https:\/\/cutanduse.com\/de\/#organization","name":"CUT&USE","url":"https:\/\/cutanduse.com\/de\/","logo":{"@type":"ImageObject","inLanguage":"de","@id":"https:\/\/cutanduse.com\/de\/#\/schema\/logo\/image\/","url":"https:\/\/cutanduse.com\/wp-content\/uploads\/2023\/07\/27.04.2023_logo_myscreen-CUTUSE_is-02.png","contentUrl":"https:\/\/cutanduse.com\/wp-content\/uploads\/2023\/07\/27.04.2023_logo_myscreen-CUTUSE_is-02.png","width":4185,"height":1619,"caption":"CUT&USE"},"image":{"@id":"https:\/\/cutanduse.com\/de\/#\/schema\/logo\/image\/"}}]}},"jetpack_sharing_enabled":true,"_links":{"self":[{"href":"https:\/\/cutanduse.com\/de\/wp-json\/wp\/v2\/pages\/8699","targetHints":{"allow":["GET"]}}],"collection":[{"href":"https:\/\/cutanduse.com\/de\/wp-json\/wp\/v2\/pages"}],"about":[{"href":"https:\/\/cutanduse.com\/de\/wp-json\/wp\/v2\/types\/page"}],"author":[{"embeddable":true,"href":"https:\/\/cutanduse.com\/de\/wp-json\/wp\/v2\/users\/2"}],"replies":[{"embeddable":true,"href":"https:\/\/cutanduse.com\/de\/wp-json\/wp\/v2\/comments?post=8699"}],"version-history":[{"count":4,"href":"https:\/\/cutanduse.com\/de\/wp-json\/wp\/v2\/pages\/8699\/revisions"}],"predecessor-version":[{"id":9583,"href":"https:\/\/cutanduse.com\/de\/wp-json\/wp\/v2\/pages\/8699\/revisions\/9583"}],"wp:attachment":[{"href":"https:\/\/cutanduse.com\/de\/wp-json\/wp\/v2\/media?parent=8699"}],"curies":[{"name":"wp","href":"https:\/\/api.w.org\/{rel}","templated":true}]}}